{"id":1963,"date":"2022-09-22T10:34:33","date_gmt":"2022-09-22T10:34:33","guid":{"rendered":"https:\/\/agoranum.parisnanterre.fr\/staging\/?page_id=1963"},"modified":"2022-11-21T10:17:42","modified_gmt":"2022-11-21T10:17:42","slug":"teams","status":"publish","type":"page","link":"https:\/\/agoranum.parisnanterre.fr\/index.php\/teams\/","title":{"rendered":"Teams"},"content":{"rendered":"\n<p><\/p>\n\n\n<style>#kt-layout-id_d51472-45 > .kt-row-column-wrap{align-content:start;}:where(#kt-layout-id_d51472-45 > .kt-row-column-wrap) > .wp-block-kadence-column{justify-content:start;}#kt-layout-id_d51472-45 > .kt-row-column-wrap{column-gap:var(--global-kb-gap-md, 2rem);row-gap:var(--global-kb-gap-md, 2rem);max-width:var( --global-content-width, 1320px );padding-left:var(--global-content-edge-padding);padding-right:var(--global-content-edge-padding);padding-top:var( --global-kb-row-default-top, 25px );padding-bottom:var( --global-kb-row-default-bottom, 25px );padding-top:80px;padding-bottom:80px;grid-template-columns:minmax(0, 1fr) minmax(0, 2fr);}#kt-layout-id_d51472-45 > .kt-row-layout-overlay{opacity:0.30;}@media all and (max-width: 1024px){#kt-layout-id_d51472-45 > .kt-row-column-wrap{grid-template-columns:minmax(0, 1fr) minmax(0, 2fr);}}@media all and (max-width: 767px){#kt-layout-id_d51472-45 > .kt-row-column-wrap{grid-template-columns:minmax(0, 1fr);}}<\/style>\n<div class=\"wp-block-kadence-rowlayout alignnone\"><div id=\"kt-layout-id_d51472-45\" class=\"kt-row-layout-inner kt-layout-id_d51472-45\"><div class=\"kt-row-column-wrap kt-has-2-columns kt-gutter-default kt-v-gutter-default kt-row-valign-top kt-row-layout-right-golden kt-tab-layout-inherit kt-m-colapse-left-to-right kt-mobile-layout-row kb-theme-content-width\"><style>.kadence-column_2e5300-07 > .kt-inside-inner-col{border-top-width:0px;border-right-width:0px;border-bottom-width:0px;border-left-width:0px;}.kadence-column_2e5300-07 > .kt-inside-inner-col,.kadence-column_2e5300-07 > .kt-inside-inner-col:before{border-top-left-radius:0px;border-top-right-radius:0px;border-bottom-right-radius:0px;border-bottom-left-radius:0px;}.kadence-column_2e5300-07 > .kt-inside-inner-col{column-gap:var(--global-kb-gap-sm, 1rem);}.kadence-column_2e5300-07 > .kt-inside-inner-col{flex-direction:column;}.kadence-column_2e5300-07 > .kt-inside-inner-col > .aligncenter{width:100%;}.kadence-column_2e5300-07 > .kt-inside-inner-col:before{opacity:0.3;}.kadence-column_2e5300-07{position:relative;}@media all and (max-width: 1024px){.kadence-column_2e5300-07 > .kt-inside-inner-col{flex-direction:column;justify-content:center;}}@media all and (max-width: 767px){.kadence-column_2e5300-07 > .kt-inside-inner-col{flex-direction:column;justify-content:center;}}<\/style>\n<div class=\"wp-block-kadence-column inner-column-1 kadence-column_2e5300-07\"><div class=\"kt-inside-inner-col\"><style>.kb-table-of-content-nav.kb-table-of-content-id_e10b73-93 .kb-table-of-content-wrap{padding-top:var(--global-kb-spacing-sm, 1.5rem);padding-right:var(--global-kb-spacing-sm, 1.5rem);padding-bottom:var(--global-kb-spacing-sm, 1.5rem);padding-left:var(--global-kb-spacing-sm, 1.5rem);background-color:var(--global-palette7, #EDF2F7);}.kb-table-of-content-nav.kb-table-of-content-id_e10b73-93 .kb-table-of-contents-title-wrap{padding-top:0px;padding-right:0px;padding-bottom:0px;padding-left:0px;}.kb-table-of-content-nav.kb-table-of-content-id_e10b73-93 .kb-table-of-contents-title-wrap{color:var(--global-palette1, #3182CE);}.kb-table-of-content-nav.kb-table-of-content-id_e10b73-93 .kb-table-of-contents-title{color:var(--global-palette1, #3182CE);font-weight:bold;font-style:normal;}.kb-table-of-content-nav.kb-table-of-content-id_e10b73-93 .kb-table-of-content-wrap .kb-table-of-content-list{color:var(--global-palette5, #4A5568);line-height:36px;font-weight:regular;font-style:normal;margin-top:var(--global-kb-spacing-sm, 1.5rem);margin-right:0px;margin-bottom:0px;margin-left:0px;}.kb-table-of-content-nav.kb-table-of-content-id_e10b73-93 .kb-table-of-content-wrap .kb-table-of-content-list .kb-table-of-contents__entry:hover{color:var(--global-palette2, #2B6CB0);}.kb-table-of-content-nav.kb-table-of-content-id_e10b73-93 .kb-table-of-content-wrap .kb-table-of-content-list .active > .kb-table-of-contents__entry{color:var(--global-palette2, #2B6CB0);}.kb-table-of-content-nav.kb-table-of-content-id_e10b73-93 .kb-table-of-content-list li{margin-bottom:10px;}.kb-table-of-content-nav.kb-table-of-content-id_e10b73-93 .kb-table-of-content-list li .kb-table-of-contents-list-sub{margin-top:10px;}.kb-table-of-content-nav.kb-table-of-content-id_e10b73-93 .kb-toggle-icon-style-basiccircle .kb-table-of-contents-icon-trigger:after, .kb-table-of-content-nav.kb-table-of-content-id_e10b73-93 .kb-toggle-icon-style-basiccircle .kb-table-of-contents-icon-trigger:before, .kb-table-of-content-nav.kb-table-of-content-id_e10b73-93 .kb-toggle-icon-style-arrowcircle .kb-table-of-contents-icon-trigger:after, .kb-table-of-content-nav.kb-table-of-content-id_e10b73-93 .kb-toggle-icon-style-arrowcircle .kb-table-of-contents-icon-trigger:before, .kb-table-of-content-nav.kb-table-of-content-id_e10b73-93 .kb-toggle-icon-style-xclosecircle .kb-table-of-contents-icon-trigger:after, .kb-table-of-content-nav.kb-table-of-content-id_e10b73-93 .kb-toggle-icon-style-xclosecircle .kb-table-of-contents-icon-trigger:before{background-color:var(--global-palette7, #EDF2F7);}<\/style><\/div><\/div>\n\n\n<style>.kadence-column_253d92-4b > .kt-inside-inner-col{border-top-width:0px;border-right-width:0px;border-bottom-width:0px;border-left-width:0px;}.kadence-column_253d92-4b > .kt-inside-inner-col,.kadence-column_253d92-4b > .kt-inside-inner-col:before{border-top-left-radius:0px;border-top-right-radius:0px;border-bottom-right-radius:0px;border-bottom-left-radius:0px;}.kadence-column_253d92-4b > .kt-inside-inner-col{column-gap:var(--global-kb-gap-sm, 1rem);}.kadence-column_253d92-4b > .kt-inside-inner-col{flex-direction:column;}.kadence-column_253d92-4b > .kt-inside-inner-col > .aligncenter{width:100%;}.kadence-column_253d92-4b > .kt-inside-inner-col:before{opacity:0.3;}.kadence-column_253d92-4b{position:relative;}@media all and (max-width: 1024px){.kadence-column_253d92-4b > .kt-inside-inner-col{flex-direction:column;justify-content:center;}}@media all and (max-width: 767px){.kadence-column_253d92-4b > .kt-inside-inner-col{flex-direction:column;justify-content:center;}}<\/style>\n<div class=\"wp-block-kadence-column inner-column-2 kadence-column_253d92-4b\"><div class=\"kt-inside-inner-col\"><style>.wp-block-kadence-advancedheading.kt-adv-heading_64ec07-eb, .wp-block-kadence-advancedheading.kt-adv-heading_64ec07-eb[data-kb-block=\"kb-adv-heading_64ec07-eb\"]{text-align:center;font-weight:400;font-style:normal;text-transform:capitalize;}.wp-block-kadence-advancedheading.kt-adv-heading_64ec07-eb mark.kt-highlight, .wp-block-kadence-advancedheading.kt-adv-heading_64ec07-eb[data-kb-block=\"kb-adv-heading_64ec07-eb\"] mark.kt-highlight{font-style:normal;color:#f76a0c;-webkit-box-decoration-break:clone;box-decoration-break:clone;padding-top:0px;padding-right:0px;padding-bottom:0px;padding-left:0px;}.wp-block-kadence-advancedheading.kt-adv-heading_64ec07-eb img.kb-inline-image, .wp-block-kadence-advancedheading.kt-adv-heading_64ec07-eb[data-kb-block=\"kb-adv-heading_64ec07-eb\"] img.kb-inline-image{width:150px;vertical-align:baseline;}<\/style>\n<h2 class=\"kt-adv-heading_64ec07-eb wp-block-kadence-advancedheading has-theme-palette-3-color has-text-color\" data-kb-block=\"kb-adv-heading_64ec07-eb\"><strong>Focus &#8211; Les fonctionnalit\u00e9s cl\u00e9s de teams<\/strong><\/h2>\n\n\n\n<p><\/p>\n\n\n\n<p><strong>Teams <\/strong>est l&rsquo;une des nombreuses applications aujourd&rsquo;hui propos\u00e9es par l&rsquo;Universit\u00e9 Paris Nanterre \u00e0 l&rsquo;ensemble de sa communaut\u00e9. <strong><a href=\"https:\/\/dri.parisnanterre.fr\/spel\/\" target=\"_blank\" rel=\"noreferrer noopener\">Teams fait partie de la Suite Microsoft<\/a><\/strong>, qui comprend aussi des licences pour Microsoft Word, Excel, Powerpoint, etc. propos\u00e9es gratuitement par l&rsquo;Universit\u00e9 aux membres de la communaut\u00e9 universitaire Paris Nanterre.   <meta charset=\"utf-8\"><\/p>\n\n\n\n<p>Teams permet notamment d&rsquo;organiser des \u00e9quipes de travail ou des groupes p\u00e9dagogiques, en proposant une solution de visioconf\u00e9rence assortie de nombreuses fonctionnalit\u00e9s. Cela peut s&rsquo;av\u00e9rer utile, notamment, pour des r\u00e9unions administratives ou p\u00e9dagogiques en visioconf\u00e9rence, voire en compl\u00e9ment de l&rsquo;environnement de travail CoursEnLigne d\u00e9ploy\u00e9 par le service Com\u00e8te. <strong>Il convient de rappeler toutefois que les suites Microsoft et Google, malgr\u00e9 les contrats sign\u00e9s par l&rsquo;universit\u00e9 (contrats tr\u00e8s attentifs \u00e0 la protection des donn\u00e9es personnelles), pr\u00e9sentent par nature une faille sur le sujet de la protection des donn\u00e9es personnelles et des donn\u00e9es sensibles<\/strong>, car elles restent soumises en dernier ressort au droit am\u00e9ricain (<a rel=\"noreferrer noopener\" href=\"https:\/\/fr.wikipedia.org\/wiki\/CLOUD_Act\" target=\"_blank\">Cloud Act<\/a>). A l&rsquo;inverse,  la plateforme <em>CoursEnLigne, <\/em> est enti\u00e8rement souveraine et g\u00e9r\u00e9e par l&rsquo;universit\u00e9 Paris Nanterre,et ses donn\u00e9es personnelles et p\u00e9dagogiques ne sont pas accessibles en dehors de l&rsquo;universit\u00e9.  <\/p>\n\n\n\n<p>NB Certaines des fonctionnalit\u00e9s de Teams ne sont pas propos\u00e9es dans les applications Web ou mobiles  \u00ab\u00a0grand public\u00a0\u00bb de Teams.<\/p>\n\n\n<style>.wp-block-kadence-advancedheading.kt-adv-heading_20a289-a0, .wp-block-kadence-advancedheading.kt-adv-heading_20a289-a0[data-kb-block=\"kb-adv-heading_20a289-a0\"]{font-size:30px;font-weight:400;font-style:normal;font-family:Manrope;text-transform:capitalize;}.wp-block-kadence-advancedheading.kt-adv-heading_20a289-a0 mark.kt-highlight, .wp-block-kadence-advancedheading.kt-adv-heading_20a289-a0[data-kb-block=\"kb-adv-heading_20a289-a0\"] mark.kt-highlight{font-style:normal;color:#f76a0c;-webkit-box-decoration-break:clone;box-decoration-break:clone;padding-top:0px;padding-right:0px;padding-bottom:0px;padding-left:0px;}.wp-block-kadence-advancedheading.kt-adv-heading_20a289-a0 img.kb-inline-image, .wp-block-kadence-advancedheading.kt-adv-heading_20a289-a0[data-kb-block=\"kb-adv-heading_20a289-a0\"] img.kb-inline-image{width:150px;vertical-align:baseline;}<\/style>\n<h3 class=\"kt-adv-heading_20a289-a0 wp-block-kadence-advancedheading has-theme-palette-3-color has-text-color\" data-kb-block=\"kb-adv-heading_20a289-a0\"><meta charset=\"utf-8\"><meta charset=\"utf-8\">1. <strong>Salles Teams pour les petits groupes<\/strong><\/h3>\n\n\n\n<p>Les salles pour les petits groupes sont essentiellement des mini-salles de r\u00e9union associ\u00e9es \u00e0 une \u00e9quipe ou une r\u00e9union plus importante. Chaque \u00ab\u00a0salle\u00a0\u00bb dispose de la plupart des fonctionnalit\u00e9s de r\u00e9union habituelles, notamment les flux audio et vid\u00e9o des participants, un volet de discussion et des fonctionnalit\u00e9s de partage d&rsquo;\u00e9cran.<\/p>\n\n\n\n<p>Vous pourriez mettre tous les participants \u00e0 la r\u00e9union dans des salles de petits groupes pour faciliter les discussions en petits groupes avant de ramener tout le monde \u00e0 la r\u00e9union principale.<\/p>\n\n\n\n<p>Pour configurer des salles de sous-commission, vous devez \u00eatre un organisateur de r\u00e9union ou un pr\u00e9sentateur avec des privil\u00e8ges de gestionnaire de salle de sous-commission. Au cours d&rsquo;une r\u00e9union, vous pouvez acc\u00e9der \u00e0 cette fonctionnalit\u00e9 en cliquant sur l&rsquo;ic\u00f4ne des salles de petits groupes (un petit carr\u00e9 au-dessus d&rsquo;un plus grand carr\u00e9) en haut \u00e0 droite de la fen\u00eatre de la r\u00e9union. Cela ouvrira un panneau dans lequel vous pourrez cr\u00e9er une ou plusieurs salles de petits groupes et soit leur affecter manuellement les personnes participant \u00e0 la r\u00e9union, soit faire en sorte que les affectations soient effectu\u00e9es automatiquement.<\/p>\n\n\n\n<p>Vous pouvez \u00e9galement configurer des salles de sous-commission (petit groupe) avant une r\u00e9union, en ouvrant l&rsquo;invitation \u00e0 la r\u00e9union dans Teams et en s\u00e9lectionnant Salles de sous-commission > Cr\u00e9er des salles.<\/p>\n\n\n\n<p>Les responsables de salle de petits groupes peuvent \u00e9galement renommer les salles de sous-commission, fixer des limites de temps pour les sessions de travail, entrer et sortir de diverses salles de sous-commission, envoyer des annonces aux autres salles de sous-commission, etc. Pour plus de d\u00e9tails, <a href=\"http:\/\/consultez la page d\u2019assistance de Microsoft\">consultez la page d&rsquo;assistance de<\/a><a href=\"http:\/\/consultez la page d\u2019assistance de Microsoft\" target=\"_blank\" rel=\"noreferrer noopener\"> Microsof<\/a><a href=\"http:\/\/consultez la page d\u2019assistance de Microsoft\">t <\/a>sur la configuration et la gestion des salles de sous-commission.<\/p>\n\n\n<style>.wp-block-kadence-advancedheading.kt-adv-heading_8697c8-8c, .wp-block-kadence-advancedheading.kt-adv-heading_8697c8-8c[data-kb-block=\"kb-adv-heading_8697c8-8c\"]{font-size:30px;font-weight:400;font-style:normal;text-transform:capitalize;}.wp-block-kadence-advancedheading.kt-adv-heading_8697c8-8c mark.kt-highlight, .wp-block-kadence-advancedheading.kt-adv-heading_8697c8-8c[data-kb-block=\"kb-adv-heading_8697c8-8c\"] mark.kt-highlight{font-style:normal;color:#f76a0c;-webkit-box-decoration-break:clone;box-decoration-break:clone;padding-top:0px;padding-right:0px;padding-bottom:0px;padding-left:0px;}.wp-block-kadence-advancedheading.kt-adv-heading_8697c8-8c img.kb-inline-image, .wp-block-kadence-advancedheading.kt-adv-heading_8697c8-8c[data-kb-block=\"kb-adv-heading_8697c8-8c\"] img.kb-inline-image{width:150px;vertical-align:baseline;}<\/style>\n<h3 class=\"kt-adv-heading_8697c8-8c wp-block-kadence-advancedheading has-theme-palette-3-color has-text-color\" data-kb-block=\"kb-adv-heading_8697c8-8c\"><meta charset=\"utf-8\"><meta charset=\"utf-8\"><strong>2. Mode pr\u00e9sentateur<\/strong><\/h3>\n\n\n\n<p>Cette fonctionnalit\u00e9 rassemble votre flux vid\u00e9o et le document ou l&rsquo;image que vous pr\u00e9sentez aux autres participants \u00e0 la r\u00e9union pour les voir de l&rsquo;une des trois mani\u00e8res suivantes&nbsp;:<\/p>\n\n\n\n<p><strong>Contenu partag\u00e9 en arri\u00e8re-plan<\/strong>&nbsp;:&nbsp; supprime l&rsquo;arri\u00e8re-plan derri\u00e8re vous et le remplace par le contenu que vous pr\u00e9sentez.<\/p>\n\n\n\n<p><strong>Reporter<\/strong>&nbsp;: place le contenu au-dessus de votre \u00e9paule droite dans une mise en page semblable \u00e0 celle que vous voyez aux informations t\u00e9l\u00e9vis\u00e9es lorsqu&rsquo;un pr\u00e9sentateur est \u00e0 l&rsquo;\u00e9cran.<\/p>\n\n\n\n<p><strong>C\u00f4te \u00e0 c\u00f4te\u00a0<\/strong>: il y a simplement votre vid\u00e9o et le contenu que vous pr\u00e9sentez c\u00f4te-\u00e0-c\u00f4te.<\/p>\n\n\n\n<p><strong>La m\u00e9thode pour activer cette fonctionnalit\u00e9&nbsp;:<\/strong><\/p>\n\n\n\n<p>En haut \u00e0 droite de la fen\u00eatre de la r\u00e9union, cliquez sur l&rsquo;ic\u00f4ne Partager le contenu (icone d\u2019un petit tableau avec une fl\u00e8che vers le haut). Sous-l\u2019en-t\u00eate \u00ab\u00a0Mode de pr\u00e9sentation\u00a0\u00bb en haut du panneau qui s&rsquo;ouvre, cliquez sur l&rsquo;ic\u00f4ne de votre mode de pr\u00e9sentation pr\u00e9f\u00e9r\u00e9. Attention : il est pr\u00e9f\u00e9rable de pr\u00e9senter une fen\u00eatre, et non la totalit\u00e9 de son \u00e9cran, pour \u00e9viter l&rsquo;affichage d&rsquo;\u00e9l\u00e9ments ou de notifications que vous ne souhaiteriez peut-\u00eatre pas pr\u00e9senter. <\/p>\n\n\n\n<p>Pour commencer votre pr\u00e9sentation, choisissez un \u00e9l\u00e9ment sous \u00ab\u00a0\u00c9cran\u00a0\u00bb ou \u00ab\u00a0Fen\u00eatre\u00a0\u00bb dans le panneau. <\/p>\n\n\n\n<p>Curieusement, le mode Pr\u00e9sentateur ne fonctionne pas actuellement avec les pr\u00e9sentations PowerPoint, mais Microsoft indique que cette fonctionnalit\u00e9 sera disponible dans le futur.<\/p>\n\n\n<style>.wp-block-kadence-advancedheading.kt-adv-heading_4938da-ad, .wp-block-kadence-advancedheading.kt-adv-heading_4938da-ad[data-kb-block=\"kb-adv-heading_4938da-ad\"]{font-size:30px;font-weight:400;font-style:normal;text-transform:capitalize;}.wp-block-kadence-advancedheading.kt-adv-heading_4938da-ad mark.kt-highlight, .wp-block-kadence-advancedheading.kt-adv-heading_4938da-ad[data-kb-block=\"kb-adv-heading_4938da-ad\"] mark.kt-highlight{font-style:normal;color:#f76a0c;-webkit-box-decoration-break:clone;box-decoration-break:clone;padding-top:0px;padding-right:0px;padding-bottom:0px;padding-left:0px;}.wp-block-kadence-advancedheading.kt-adv-heading_4938da-ad img.kb-inline-image, .wp-block-kadence-advancedheading.kt-adv-heading_4938da-ad[data-kb-block=\"kb-adv-heading_4938da-ad\"] img.kb-inline-image{width:150px;vertical-align:baseline;}<\/style>\n<h3 class=\"kt-adv-heading_4938da-ad wp-block-kadence-advancedheading has-theme-palette-3-color has-text-color\" data-kb-block=\"kb-adv-heading_4938da-ad\"><meta charset=\"utf-8\"><meta charset=\"utf-8\"><strong>3. Tableau blanc partag\u00e9<\/strong><\/h3>\n\n\n\n<p>Teams est depuis longtemps int\u00e9gr\u00e9 \u00e0 l&rsquo;application Microsoft Whiteboard afin que les participants \u00e0 la r\u00e9union puissent collaborer sur un tableau blanc virtuel partag\u00e9 en temps r\u00e9el. Les membres de l&rsquo;\u00e9quipe peuvent ajouter du texte, des images, des diagrammes, des notes, des croquis et plus encore, sur un tableau partag\u00e9. Cette fonctionnalit\u00e9 contient plus de 40 nouveaux mod\u00e8les et offre la possibilit\u00e9 d&rsquo;ins\u00e9rer des images et des documents, des ic\u00f4nes de r\u00e9action et de nombreuses am\u00e9liorations de l&rsquo;outil d&rsquo;encrage.<\/p>\n\n\n\n<p>Pour lancer l&rsquo;application Tableau blanc pendant une r\u00e9union : En haut \u00e0 droite de la fen\u00eatre de la r\u00e9union, cliquez sur l&rsquo;ic\u00f4ne Partager le contenu (Petit tableau avec fl\u00e8che vers le haut). Dans le panneau qui s&rsquo;ouvre, cliquez sur Microsoft Whiteboard.<\/p>\n\n\n\n<p>En dehors d&rsquo;une r\u00e9union, vous pouvez ajouter l&rsquo;application Tableau blanc \u00e0 l&rsquo;un ou l&rsquo;autre de vos canaux Teams. (Il peut \u00eatre utile de travailler sur un tableau blanc avant ou apr\u00e8s une r\u00e9union.) Ouvrez alors le canal et cliquez sur l&rsquo;ic\u00f4ne + dans la partie sup\u00e9rieure du canal. Dans le volet \u00ab\u00a0Ajouter un onglet\u00a0\u00bb qui s&rsquo;ouvre, cliquez sur l&rsquo;ic\u00f4ne Tableau blanc. Un autre volet s&rsquo;ouvrira o\u00f9 vous entrerez un nom pour le tableau blanc.<\/p>\n\n\n\n<p>Vous pouvez \u00e9galement ajouter un tableau blanc \u00e0 un chat. Ouvrez la discussion. Le tableau blanc peut d\u00e9j\u00e0 \u00eatre r\u00e9pertori\u00e9 sous la forme d&rsquo;un onglet en haut de la fen\u00eatre de chat. (Ou vous devrez peut-\u00eatre cliquer sur Plus pour ouvrir un petit menu qui r\u00e9pertorie le tableau blanc.) Si le tableau blanc est r\u00e9pertori\u00e9 en tant qu&rsquo;onglet, cliquez dessus pour lancer l&rsquo;application Tableau blanc dans le chat. S&rsquo;il n&rsquo;appara\u00eet pas en haut de votre chat, cliquez sur l&rsquo;ic\u00f4ne + et suivez les m\u00eames \u00e9tapes pour ajouter un tableau blanc \u00e0 un canal.<\/p>\n\n\n<style>.wp-block-kadence-advancedheading.kt-adv-heading_08cb97-61, .wp-block-kadence-advancedheading.kt-adv-heading_08cb97-61[data-kb-block=\"kb-adv-heading_08cb97-61\"]{font-size:30px;font-weight:400;font-style:normal;text-transform:capitalize;}.wp-block-kadence-advancedheading.kt-adv-heading_08cb97-61 mark.kt-highlight, .wp-block-kadence-advancedheading.kt-adv-heading_08cb97-61[data-kb-block=\"kb-adv-heading_08cb97-61\"] mark.kt-highlight{font-style:normal;color:#f76a0c;-webkit-box-decoration-break:clone;box-decoration-break:clone;padding-top:0px;padding-right:0px;padding-bottom:0px;padding-left:0px;}.wp-block-kadence-advancedheading.kt-adv-heading_08cb97-61 img.kb-inline-image, .wp-block-kadence-advancedheading.kt-adv-heading_08cb97-61[data-kb-block=\"kb-adv-heading_08cb97-61\"] img.kb-inline-image{width:150px;vertical-align:baseline;}<\/style>\n<h3 class=\"kt-adv-heading_08cb97-61 wp-block-kadence-advancedheading has-theme-palette-3-color has-text-color\" data-kb-block=\"kb-adv-heading_08cb97-61\"><meta charset=\"utf-8\"><meta charset=\"utf-8\"><strong>4. La fonction Webinaire <\/strong><\/h3>\n\n\n\n<p>La fonction webinaire de Teams permet de cr\u00e9er des pr\u00e9sentations en ligne, pour lesquelles les inscriptions sont obligatoires en tant que participant. Vous pouvez choisir en amont le nombre d&rsquo;<strong>intervenant(s)<\/strong> qui pourront alors partager du contenu. <strong>Les autres participants <\/strong>quant \u00e0 eux ne peuvent que visualiser le contenu et \u00e9ventuellement interagir avec les intervenants. Ils ne peuvent pas partager leur propre contenu. <\/p>\n\n\n\n<p>Les webinaires sont particuli\u00e8rement utiles dans le cadre de discours, de conf\u00e9rences, ou des r\u00e9unions au cours desquelles des intervenants s&rsquo;adressent \u00e0 une large audience puisqu&rsquo;ils peuvent accueillir jusqu&rsquo;\u00e0 1 000 participants.<\/p>\n\n\n\n<p>Vous pouvez acc\u00e9der \u00e0 cette fonctionnalit\u00e9 <strong>\u00e0 travers votre calendrier Teams<\/strong>. Puis, en cliquant sur la petite fl\u00e8che situ\u00e9e \u00e0 c\u00f4t\u00e9 de \u00ab\u00a0Nouvelle r\u00e9union\u00a0\u00bb vous est propos\u00e9e l&rsquo;option webinaire. En tant qu&rsquo;organisateur, vous pouvez ainsi suivre qui s&rsquo;est inscrit ou non \u00e0 votre \u00e9v\u00e8nement. Il vous suffira simplement d&rsquo;envoyer le lien de celui-ci afin que les participants puissent s&rsquo;y inscrire. <\/p>\n<\/div><\/div>\n<\/div><\/div><\/div>\n","protected":false},"excerpt":{"rendered":"<p>Focus &#8211; Les fonctionnalit\u00e9s cl\u00e9s de teams Teams est l&rsquo;une des nombreuses applications aujourd&rsquo;hui propos\u00e9es par l&rsquo;Universit\u00e9 Paris Nanterre \u00e0 l&rsquo;ensemble de sa communaut\u00e9. Teams fait partie de la Suite Microsoft, qui comprend aussi des licences pour Microsoft Word, Excel, Powerpoint, etc. propos\u00e9es gratuitement par l&rsquo;Universit\u00e9 aux membres de la communaut\u00e9 universitaire Paris Nanterre. Teams&#8230;<\/p>\n","protected":false},"author":3,"featured_media":0,"parent":0,"menu_order":0,"comment_status":"closed","ping_status":"closed","template":"","meta":{"_kad_blocks_custom_css":"","_kad_blocks_head_custom_js":"","_kad_blocks_body_custom_js":"","_kad_blocks_footer_custom_js":"","_kadence_starter_templates_imported_post":false,"_kad_post_transparent":"","_kad_post_title":"","_kad_post_layout":"","_kad_post_sidebar_id":"","_kad_post_content_style":"","_kad_post_vertical_padding":"","_kad_post_feature":"","_kad_post_feature_position":"","_kad_post_header":false,"_kad_post_footer":false,"_kad_post_classname":"","footnotes":""},"class_list":["post-1963","page","type-page","status-publish","hentry"],"taxonomy_info":[],"featured_image_src_large":false,"author_info":{"display_name":"Anass El Manaji","author_link":"https:\/\/agoranum.parisnanterre.fr\/index.php\/author\/ana2s\/"},"comment_info":0,"_links":{"self":[{"href":"https:\/\/agoranum.parisnanterre.fr\/index.php\/wp-json\/wp\/v2\/pages\/1963","targetHints":{"allow":["GET"]}}],"collection":[{"href":"https:\/\/agoranum.parisnanterre.fr\/index.php\/wp-json\/wp\/v2\/pages"}],"about":[{"href":"https:\/\/agoranum.parisnanterre.fr\/index.php\/wp-json\/wp\/v2\/types\/page"}],"author":[{"embeddable":true,"href":"https:\/\/agoranum.parisnanterre.fr\/index.php\/wp-json\/wp\/v2\/users\/3"}],"replies":[{"embeddable":true,"href":"https:\/\/agoranum.parisnanterre.fr\/index.php\/wp-json\/wp\/v2\/comments?post=1963"}],"version-history":[{"count":11,"href":"https:\/\/agoranum.parisnanterre.fr\/index.php\/wp-json\/wp\/v2\/pages\/1963\/revisions"}],"predecessor-version":[{"id":3050,"href":"https:\/\/agoranum.parisnanterre.fr\/index.php\/wp-json\/wp\/v2\/pages\/1963\/revisions\/3050"}],"wp:attachment":[{"href":"https:\/\/agoranum.parisnanterre.fr\/index.php\/wp-json\/wp\/v2\/media?parent=1963"}],"curies":[{"name":"wp","href":"https:\/\/api.w.org\/{rel}","templated":true}]}}