{"id":2154,"date":"2022-09-27T08:46:56","date_gmt":"2022-09-27T08:46:56","guid":{"rendered":"https:\/\/agoranum.parisnanterre.fr\/?page_id=2154"},"modified":"2024-10-21T11:09:32","modified_gmt":"2024-10-21T09:09:32","slug":"comment-diffuser-ma-recherche-de-maniere-numerique","status":"publish","type":"page","link":"https:\/\/agoranum.parisnanterre.fr\/index.php\/comment-diffuser-ma-recherche-de-maniere-numerique\/","title":{"rendered":"Comment diffuser mes publications \u00e0 l&rsquo;aide du num\u00e9rique ?"},"content":{"rendered":"\n<div class=\"wp-block-cover alignfull is-light\"><span aria-hidden=\"true\" class=\"wp-block-cover__background has-background-dim\"><\/span><img loading=\"lazy\" decoding=\"async\" width=\"2560\" height=\"1709\" class=\"wp-block-cover__image-background wp-image-2156\" alt=\"\" src=\"https:\/\/agoranum.parisnanterre.fr\/wp-content\/uploads\/2022\/09\/christina-wocintechchat-com-UTw3j_aoIKM-unsplash-scaled.jpg\" data-object-fit=\"cover\" srcset=\"https:\/\/agoranum.parisnanterre.fr\/wp-content\/uploads\/2022\/09\/christina-wocintechchat-com-UTw3j_aoIKM-unsplash-scaled.jpg 2560w, https:\/\/agoranum.parisnanterre.fr\/wp-content\/uploads\/2022\/09\/christina-wocintechchat-com-UTw3j_aoIKM-unsplash-300x200.jpg 300w, https:\/\/agoranum.parisnanterre.fr\/wp-content\/uploads\/2022\/09\/christina-wocintechchat-com-UTw3j_aoIKM-unsplash-1024x684.jpg 1024w, https:\/\/agoranum.parisnanterre.fr\/wp-content\/uploads\/2022\/09\/christina-wocintechchat-com-UTw3j_aoIKM-unsplash-768x513.jpg 768w, https:\/\/agoranum.parisnanterre.fr\/wp-content\/uploads\/2022\/09\/christina-wocintechchat-com-UTw3j_aoIKM-unsplash-1536x1025.jpg 1536w, https:\/\/agoranum.parisnanterre.fr\/wp-content\/uploads\/2022\/09\/christina-wocintechchat-com-UTw3j_aoIKM-unsplash-2048x1367.jpg 2048w\" sizes=\"auto, (max-width: 2560px) 100vw, 2560px\" \/><div class=\"wp-block-cover__inner-container is-layout-flow wp-block-cover-is-layout-flow\"><style>.wp-block-kadence-advancedheading.kt-adv-heading2154_817a10-52, .wp-block-kadence-advancedheading.kt-adv-heading2154_817a10-52[data-kb-block=\"kb-adv-heading2154_817a10-52\"]{text-align:center;font-size:40px;font-weight:700;font-style:normal;font-family:Manrope;}.wp-block-kadence-advancedheading.kt-adv-heading2154_817a10-52 mark.kt-highlight, .wp-block-kadence-advancedheading.kt-adv-heading2154_817a10-52[data-kb-block=\"kb-adv-heading2154_817a10-52\"] mark.kt-highlight{font-style:normal;color:#f76a0c;-webkit-box-decoration-break:clone;box-decoration-break:clone;padding-top:0px;padding-right:0px;padding-bottom:0px;padding-left:0px;}.wp-block-kadence-advancedheading.kt-adv-heading2154_817a10-52 img.kb-inline-image, .wp-block-kadence-advancedheading.kt-adv-heading2154_817a10-52[data-kb-block=\"kb-adv-heading2154_817a10-52\"] img.kb-inline-image{width:150px;vertical-align:baseline;}<\/style>\n<h3 class=\"kt-adv-heading2154_817a10-52 wp-block-kadence-advancedheading has-theme-palette-9-color has-text-color\" data-kb-block=\"kb-adv-heading2154_817a10-52\">Diffuser mes publications et les r\u00e9sultats de ma recherche \u00e0 l&rsquo;aide du num\u00e9rique<\/h3>\n<\/div><\/div>\n\n\n\n<p class=\"has-text-align-center\"><\/p>\n\n\n<style>.kb-row-layout-id2154_8ecea8-9d > .kt-row-column-wrap{align-content:start;}:where(.kb-row-layout-id2154_8ecea8-9d > .kt-row-column-wrap) > .wp-block-kadence-column{justify-content:start;}.kb-row-layout-id2154_8ecea8-9d > .kt-row-column-wrap{column-gap:var(--global-kb-gap-md, 2rem);row-gap:var(--global-kb-gap-md, 2rem);padding-top:var(--global-kb-spacing-sm, 1.5rem);padding-bottom:var(--global-kb-spacing-sm, 1.5rem);grid-template-columns:repeat(2, minmax(0, 1fr));}.kb-row-layout-id2154_8ecea8-9d > .kt-row-layout-overlay{opacity:0.30;}@media all and (max-width: 1024px){.kb-row-layout-id2154_8ecea8-9d > .kt-row-column-wrap{grid-template-columns:repeat(2, minmax(0, 1fr));}}@media all and (max-width: 767px){.kb-row-layout-id2154_8ecea8-9d > .kt-row-column-wrap{grid-template-columns:minmax(0, 1fr);}}<\/style><div class=\"kb-row-layout-wrap kb-row-layout-id2154_8ecea8-9d alignnone wp-block-kadence-rowlayout\"><div class=\"kt-row-column-wrap kt-has-2-columns kt-row-layout-equal kt-tab-layout-inherit kt-mobile-layout-row kt-row-valign-top\">\n<style>.kadence-column2154_496d33-c4 > .kt-inside-inner-col,.kadence-column2154_496d33-c4 > .kt-inside-inner-col:before{border-top-left-radius:0px;border-top-right-radius:0px;border-bottom-right-radius:0px;border-bottom-left-radius:0px;}.kadence-column2154_496d33-c4 > .kt-inside-inner-col{column-gap:var(--global-kb-gap-sm, 1rem);}.kadence-column2154_496d33-c4 > .kt-inside-inner-col{flex-direction:column;}.kadence-column2154_496d33-c4 > .kt-inside-inner-col > .aligncenter{width:100%;}.kadence-column2154_496d33-c4 > .kt-inside-inner-col:before{opacity:0.3;}.kadence-column2154_496d33-c4{position:relative;}@media all and (max-width: 1024px){.kadence-column2154_496d33-c4 > .kt-inside-inner-col{flex-direction:column;justify-content:center;}}@media all and (max-width: 767px){.kadence-column2154_496d33-c4 > .kt-inside-inner-col{flex-direction:column;justify-content:center;}}<\/style>\n<div class=\"wp-block-kadence-column kadence-column2154_496d33-c4\"><div class=\"kt-inside-inner-col\">\n<h2 class=\"wp-block-heading\">Les solutions relatives \u00e0 la science ouverte<\/h2>\n\n\n\n<h4 class=\"wp-block-heading\">HAL, pour une diffusion ouverte de vos travaux de recherche <\/h4>\n\n\n\n<p> Le portail HAL Paris Nanterre permet aux membres de l&rsquo;universit\u00e9 de d\u00e9poser des travaux de recherche (articles, ouvrages, chapitres, actes de colloques, rapports, th\u00e8ses, etc. ), publi\u00e9s ou non, qui seront alors consultables librement sur la plateforme nationale HAL et sur la plateforme HAL-SHS. Afin d\u2019en savoir plus sur HAL et pour apprendre \u00e0 cr\u00e9er votre compte et d\u00e9poser vos publications dans HAL, consultez la page de l\u2019universit\u00e9 <a href=\"https:\/\/science-ouverte.parisnanterre.fr\/libre-acces-open-access\" target=\"_blank\" rel=\"noreferrer noopener\">du Portail HAL de l&rsquo;Universit\u00e9 Paris Nanterre<\/a> ou demandez des informations \u00e0 l&rsquo;adresse suivante : <a href=\"mailto:admin-hal@liste.parisnanterre.fr\">admin-hal@liste.parisnanterre.fr<\/a><\/p>\n\n\n\n<h4 class=\"wp-block-heading\">Comment signer vos publications ? Pensez ORCID ! <\/h4>\n\n\n\n<p><strong>L&rsquo;identifiant ORCID (ORCID iD) est un identifiant num\u00e9rique unique et ouvert qui permet de vous distinguer de vos homonymes ou paronymes. <\/strong>Tout acteur de la recherche, de l\u2019enseignement ou de l\u2019innovation peut cr\u00e9er gratuitement son propre identifiant ORCID et le conserver pour l\u2019utiliser tout au long de sa carri\u00e8re \u2013 m\u00eame en cas de changement de nom, d\u2019institution, de discipline ou de pays. Vous pouvez \u00e9galement utiliser votre iD pour partager vos informations avec d\u2019autres syst\u00e8mes, afin d\u2019obtenir une reconnaissance pour toutes vos contributions, en gagnant du temps et en \u00e9vitant les erreurs. Pour en savoir plus, consultez les informations rassembl\u00e9es sur <a href=\"https:\/\/bu.parisnanterre.fr\/identifiant-orcid\" target=\"_blank\" rel=\"noreferrer noopener\">la page ORCID du SCD<\/a>. Vous pouvez \u00e9galement poser vos questions et prendre contact \u00e0 l&rsquo;adresse suivante : <a href=\"mailto:orcid@liste.parisnanterre.fr\">orcid@liste.parisnanterre.fr<\/a><\/p>\n\n\n\n<h4 class=\"wp-block-heading\">Publier dans une revue en acc\u00e8s ouvert : <\/h4>\n\n\n\n<ul class=\"wp-block-list\">\n<li>v\u00e9rifier sa qualit\u00e9 dans le<a href=\"https:\/\/doaj.org\/\" target=\"_blank\" rel=\"noreferrer noopener\">&nbsp;DOAJ<\/a>&nbsp;<\/li>\n\n\n\n<li>v\u00e9rifier sa conformit\u00e9 \u00e0 mon financeur dans le<a href=\"https:\/\/journalcheckertool.org\/fr\/\" target=\"_blank\" rel=\"noreferrer noopener\">&nbsp;Journal Checker Tool<\/a>.<\/li>\n<\/ul>\n\n\n\n<h4 class=\"wp-block-heading has-theme-palette-3-color has-text-color has-link-color wp-elements-b8ea25118a79498828f7d80015cdfcff\">Publier aupr\u00e8s des&nbsp;Presses Universitaires de Paris Nanterre&nbsp;:<\/h4>\n\n\n\n<ul class=\"wp-block-list\">\n<li>Se renseigner sur les <a href=\"https:\/\/presses-universitaires.parisnanterre.fr\/\" target=\"_blank\" rel=\"noreferrer noopener\">Presses de Nanterre<\/a><\/li>\n\n\n\n<li>Voir la fiche d\u00e9di\u00e9e dans sur les aides \u00e0 la publication dans le <a href=\"https:\/\/sites.google.com\/parisnanterre.fr\/guideprojetchercheurs\/apr%C3%A8s-le-projet\/aides-%C3%A0-la-publication\" target=\"_blank\" rel=\"noreferrer noopener\">\u00ab\u00a0guide de l&rsquo;enseignant-chercheur\u00a0\u00bb<\/a> mis \u00e0 disposition par la DRED<\/li>\n<\/ul>\n<\/div><\/div>\n\n\n<style>.kadence-column2154_924e85-a6 > .kt-inside-inner-col,.kadence-column2154_924e85-a6 > .kt-inside-inner-col:before{border-top-left-radius:0px;border-top-right-radius:0px;border-bottom-right-radius:0px;border-bottom-left-radius:0px;}.kadence-column2154_924e85-a6 > .kt-inside-inner-col{column-gap:var(--global-kb-gap-sm, 1rem);}.kadence-column2154_924e85-a6 > .kt-inside-inner-col{flex-direction:column;}.kadence-column2154_924e85-a6 > .kt-inside-inner-col > .aligncenter{width:100%;}.kadence-column2154_924e85-a6 > .kt-inside-inner-col:before{opacity:0.3;}.kadence-column2154_924e85-a6{position:relative;}@media all and (max-width: 1024px){.kadence-column2154_924e85-a6 > .kt-inside-inner-col{flex-direction:column;justify-content:center;}}@media all and (max-width: 767px){.kadence-column2154_924e85-a6 > .kt-inside-inner-col{flex-direction:column;justify-content:center;}}<\/style>\n<div class=\"wp-block-kadence-column kadence-column2154_924e85-a6\"><div class=\"kt-inside-inner-col\">\n<h2 class=\"wp-block-heading\">Les solutions pour cr\u00e9er des sites ou des blogs <\/h2>\n\n\n\n<h4 class=\"wp-block-heading\">La solution institutionnelle : K-sup<\/h4>\n\n\n\n<p>Il est possible de cr\u00e9er et diffuser une actualit\u00e9 sur les sites institutionnels de l&rsquo;universit\u00e9 de Nanterre afin notamment de figure dans l&rsquo;onglet \u00ab\u00a0<a href=\"https:\/\/www.parisnanterre.fr\/actualite-de-la-recherche\" target=\"_blank\" rel=\"noreferrer noopener\">Actualit\u00e9s de la recherche<\/a>\u00a0\u00bb du site de Nanterre. <\/p>\n\n\n\n<p>Vous souhaitez publier des informations (colloques, s\u00e9minaires, publications, \u00e9v\u00e8nements culturels, associatifs etc.) sur le site de l&rsquo;universit\u00e9 et les diffuser sur l&rsquo;ensemble de nos canaux de diffusion ? La diffusion de ces informations n\u00e9cessite dans un premier temps la cr\u00e9ation d&rsquo;une fiche actualit\u00e9 qui sera visible \u00e0 la fois sur votre site de rattachement s&rsquo;il y en a un (service, centre de recherche, UFR, d\u00e9partement, formations etc.) mais aussi sur le site institutionnel de l&rsquo;universit\u00e9. D\u00e8s lors et \u00e0 partir de cette actualit\u00e9, l&rsquo;information pourra circuler sur nos diff\u00e9rents canaux d\u00e9crits <a href=\"https:\/\/communication.parisnanterre.fr\/numerique\/creer-et-diffuser-une-actualite-sur-les-sites-institutionnels\" target=\"_blank\" rel=\"noreferrer noopener\">ici<\/a>.<\/p>\n\n\n\n<p>Si vous optez pour votre solution, vous devez contacter un des <a href=\"https:\/\/communication.parisnanterre.fr\/referents-com\" target=\"_blank\" rel=\"noreferrer noopener\">r\u00e9f\u00e9rent\u00b7e\u00b7s communication<\/a><strong> <\/strong>affili\u00e9s \u00e0 votre service ou composante. Il se chargera de cr\u00e9er l&rsquo;actualit\u00e9 sur son site et de la transmettre au service Comm pour une diffusion plus large. Ou vous pouvez le faire par vous-m\u00eame mais il vous sera n\u00e9cessaire de suivre une <a href=\"https:\/\/intranet.parisnanterre.fr\/procedures\/2-formations-k-sup\" data-type=\"link\" data-id=\"https:\/\/intranet.parisnanterre.fr\/procedures\/2-formations-k-sup\" target=\"_blank\" rel=\"noreferrer noopener\">formation k-sup<\/a>.<\/p>\n\n\n\n<h4 class=\"wp-block-heading\">La solution WordPress propos\u00e9e par l&rsquo;universit\u00e9 <\/h4>\n\n\n\n<p>Si vous souhaitez cr\u00e9er un site internet via WordPress (comme le n\u00f4tre que vous \u00eates en train de consulter), vous pouvez en faire une demande \u00e0 la DRI \u00e0 travers le <a href=\"https:\/\/helpdesk.parisnanterre.fr\/marketplace\/formcreator\/front\/formdisplay.php?id=14\" target=\"_blank\" rel=\"noreferrer noopener\">Helpdesk <\/a>(demande n\u00b07, \u00ab\u00a0Sites et services internet\u00a0\u00bb). Un rendez-vous vous sera alors demand\u00e9 afin que vous puissiez y expliciter votre demande. <\/p>\n\n\n\n<p>Par ailleurs, sachez qu&rsquo;Agora-Num est en train de travailler en partenariat avec la DRI et le Service Formation afin que des formations WordPress soient r\u00e9guli\u00e8rement dispens\u00e9es. Pour en savoir plus prochainement, vous pouvez vous inscrire \u00e0 notre <a href=\"https:\/\/agoranum.parisnanterre.fr\/index.php\/cdp-creer-un-site-web-ou-un-blog-pour-valoriser-une-recherche\/\">communaut\u00e9 de pratique d\u00e9di\u00e9e<\/a>.<\/p>\n\n\n\n<h4 class=\"wp-block-heading\">La solution OpenEdition : les Carnets Hypoth\u00e8ses pour ouvrir un blog de diffusion <\/h4>\n\n\n\n<p><a href=\"https:\/\/fr.hypotheses.org\/a-propos-dhypotheses\" target=\"_blank\" rel=\"noreferrer noopener\">Hypoth\u00e8ses <\/a>est une plateforme de carnets de recherche en sciences humaines et sociales g\u00e9r\u00e9e par OpenEditions. Hypoth\u00e8ses regroupe plusieurs milliers de blogs dans tous les domaines des sciences humaines et sociales. Les textes sont librement accessibles. Ils ne s\u2019adressent pas exclusivement \u00e0 des sp\u00e9cialistes, mais \u00e9galement au grand public.<\/p>\n\n\n\n<p>Des formations Hypoth\u00e8ses sont r\u00e9guli\u00e8rement organis\u00e9es par notre \u00e9quipe, si cela vous int\u00e9resse, <a href=\"https:\/\/agoranum.parisnanterre.fr\/index.php\/cdp-creer-un-site-web-ou-un-blog-pour-valoriser-une-recherche\/\">inscrivez-vous ici<\/a> et nous vous tiendrons au courant des prochains \u00e9v\u00e8nements ! <\/p>\n<\/div><\/div>\n\n<\/div><\/div>\n\n<style>.wp-block-kadence-spacer.kt-block-spacer-2154_7b0954-52 .kt-block-spacer{height:60px;}.wp-block-kadence-spacer.kt-block-spacer-2154_7b0954-52 .kt-divider{border-top-width:1px;height:1px;border-top-color:var(--global-palette1, #3182CE);width:80%;border-top-style:solid;}<\/style>\n<div class=\"wp-block-kadence-spacer aligncenter kt-block-spacer-2154_7b0954-52\"><div class=\"kt-block-spacer kt-block-spacer-halign-center\"><hr class=\"kt-divider\"\/><\/div><\/div>\n\n\n<style>.kb-row-layout-id2154_7dad70-f1 > .kt-row-column-wrap{align-content:start;}:where(.kb-row-layout-id2154_7dad70-f1 > .kt-row-column-wrap) > .wp-block-kadence-column{justify-content:start;}.kb-row-layout-id2154_7dad70-f1 > .kt-row-column-wrap{column-gap:var(--global-kb-gap-md, 2rem);row-gap:var(--global-kb-gap-md, 2rem);padding-top:var(--global-kb-spacing-sm, 1.5rem);padding-bottom:var(--global-kb-spacing-sm, 1.5rem);}.kb-row-layout-id2154_7dad70-f1 > .kt-row-column-wrap > div:not(.added-for-specificity){grid-column:initial;}.kb-row-layout-id2154_7dad70-f1 > .kt-row-column-wrap{grid-template-columns:repeat(3, minmax(0, 1fr));}.kb-row-layout-id2154_7dad70-f1 > .kt-row-layout-overlay{opacity:0.30;}@media all and (max-width: 1024px){.kb-row-layout-id2154_7dad70-f1 > .kt-row-column-wrap > div:not(.added-for-specificity){grid-column:initial;}}@media all and (max-width: 1024px){.kb-row-layout-id2154_7dad70-f1 > .kt-row-column-wrap{grid-template-columns:repeat(3, minmax(0, 1fr));}}@media all and (max-width: 767px){.kb-row-layout-id2154_7dad70-f1 > .kt-row-column-wrap > div:not(.added-for-specificity){grid-column:initial;}.kb-row-layout-id2154_7dad70-f1 > .kt-row-column-wrap{grid-template-columns:minmax(0, 1fr);}}<\/style><div class=\"kb-row-layout-wrap kb-row-layout-id2154_7dad70-f1 alignnone wp-block-kadence-rowlayout\"><div class=\"kt-row-column-wrap kt-has-3-columns kt-row-layout-equal kt-tab-layout-inherit kt-mobile-layout-row kt-row-valign-top\">\n<style>.kadence-column2154_22925d-93 > .kt-inside-inner-col,.kadence-column2154_22925d-93 > .kt-inside-inner-col:before{border-top-left-radius:0px;border-top-right-radius:0px;border-bottom-right-radius:0px;border-bottom-left-radius:0px;}.kadence-column2154_22925d-93 > .kt-inside-inner-col{column-gap:var(--global-kb-gap-sm, 1rem);}.kadence-column2154_22925d-93 > .kt-inside-inner-col{flex-direction:column;}.kadence-column2154_22925d-93 > .kt-inside-inner-col > .aligncenter{width:100%;}.kadence-column2154_22925d-93 > .kt-inside-inner-col:before{opacity:0.3;}.kadence-column2154_22925d-93{position:relative;}@media all and (max-width: 1024px){.kadence-column2154_22925d-93 > .kt-inside-inner-col{flex-direction:column;justify-content:center;}}@media all and (max-width: 767px){.kadence-column2154_22925d-93 > .kt-inside-inner-col{flex-direction:column;justify-content:center;}}<\/style>\n<div class=\"wp-block-kadence-column kadence-column2154_22925d-93\"><div class=\"kt-inside-inner-col\">\n<p><strong>Contacts <\/strong>: <\/p>\n\n\n\n<p>HAL :&nbsp;<a href=\"mailto:admin-hal@liste.parisnanterre.fr\" target=\"_blank\" rel=\"noreferrer noopener\">admin-hal@liste.parisnanterre.fr<\/a><\/p>\n\n\n\n<p>Science ouverte :&nbsp;<a href=\"mailto:science-ouverte@liste.parisnanterre.fr\" target=\"_blank\" rel=\"noreferrer noopener\">science-ouverte@liste.parisnanterre.fr<\/a><\/p>\n<\/div><\/div>\n\n\n<style>.kadence-column2154_5e274d-6b > .kt-inside-inner-col,.kadence-column2154_5e274d-6b > .kt-inside-inner-col:before{border-top-left-radius:0px;border-top-right-radius:0px;border-bottom-right-radius:0px;border-bottom-left-radius:0px;}.kadence-column2154_5e274d-6b > .kt-inside-inner-col{column-gap:var(--global-kb-gap-sm, 1rem);}.kadence-column2154_5e274d-6b > .kt-inside-inner-col{flex-direction:column;}.kadence-column2154_5e274d-6b > .kt-inside-inner-col > .aligncenter{width:100%;}.kadence-column2154_5e274d-6b > .kt-inside-inner-col:before{opacity:0.3;}.kadence-column2154_5e274d-6b{position:relative;}@media all and (max-width: 1024px){.kadence-column2154_5e274d-6b > .kt-inside-inner-col{flex-direction:column;justify-content:center;}}@media all and (max-width: 767px){.kadence-column2154_5e274d-6b > .kt-inside-inner-col{flex-direction:column;justify-content:center;}}<\/style>\n<div class=\"wp-block-kadence-column kadence-column2154_5e274d-6b\"><div class=\"kt-inside-inner-col\">\n<p><strong>Liens utiles<\/strong> :<\/p>\n\n\n\n<p>La&nbsp;<a href=\"https:\/\/science-ouverte.parisnanterre.fr\/strategie-science-ouverte\/la-charte\" target=\"_blank\" rel=\"noreferrer noopener\">Charte Science ouverte<\/a>&nbsp;adopt\u00e9e par l\u2019UPN (janvier 2022)<\/p>\n\n\n\n<p>La&nbsp;<a href=\"https:\/\/science-ouverte.parisnanterre.fr\/\" target=\"_blank\" rel=\"noreferrer noopener\">science ouverte \u00e0 Paris Nanterre<\/a>&nbsp;<\/p>\n\n\n\n<p>Le&nbsp;<a href=\"https:\/\/www.mshmondes.cnrs.fr\/accompagnement\/edition\/\" target=\"_blank\" rel=\"noreferrer noopener\">p\u00f4le \u00e9ditorial de la MSH Mondes<\/a><\/p>\n<\/div><\/div>\n\n\n<style>.kadence-column2154_e52571-0a > .kt-inside-inner-col,.kadence-column2154_e52571-0a > .kt-inside-inner-col:before{border-top-left-radius:0px;border-top-right-radius:0px;border-bottom-right-radius:0px;border-bottom-left-radius:0px;}.kadence-column2154_e52571-0a > .kt-inside-inner-col{column-gap:var(--global-kb-gap-sm, 1rem);}.kadence-column2154_e52571-0a > .kt-inside-inner-col{flex-direction:column;}.kadence-column2154_e52571-0a > .kt-inside-inner-col > .aligncenter{width:100%;}.kadence-column2154_e52571-0a > .kt-inside-inner-col:before{opacity:0.3;}.kadence-column2154_e52571-0a{position:relative;}@media all and (max-width: 1024px){.kadence-column2154_e52571-0a > .kt-inside-inner-col{flex-direction:column;justify-content:center;}}@media all and (max-width: 767px){.kadence-column2154_e52571-0a > .kt-inside-inner-col{flex-direction:column;justify-content:center;}}<\/style>\n<div class=\"wp-block-kadence-column kadence-column2154_e52571-0a\"><div class=\"kt-inside-inner-col\">\n<p><strong>Formations&nbsp;<\/strong>:<\/p>\n\n\n\n<p><a href=\"https:\/\/science-ouverte.parisnanterre.fr\/se-former\/formations-et-tutoriels\" target=\"_blank\" rel=\"noreferrer noopener\">Formations et tutoriels HAL<\/a>&nbsp;&#8211;&nbsp;Chaque ann\u00e9e, le SCD organise des \u201cHalathons\u201d et des<strong>&nbsp;<\/strong>formations ad hoc&nbsp;pour vous permettre de d\u00e9poser vos publications en open access.<\/p>\n<\/div><\/div>\n\n<\/div><\/div>","protected":false},"excerpt":{"rendered":"<p>Les solutions relatives \u00e0 la science ouverte HAL, pour une diffusion ouverte de vos travaux de recherche Le portail HAL Paris Nanterre permet aux membres de l&rsquo;universit\u00e9 de d\u00e9poser des travaux de recherche (articles, ouvrages, chapitres, actes de colloques, rapports, th\u00e8ses, etc. ), publi\u00e9s ou non, qui seront alors consultables librement sur la plateforme nationale&#8230;<\/p>\n","protected":false},"author":4,"featured_media":0,"parent":0,"menu_order":0,"comment_status":"open","ping_status":"closed","template":"","meta":{"_kad_blocks_custom_css":"","_kad_blocks_head_custom_js":"","_kad_blocks_body_custom_js":"","_kad_blocks_footer_custom_js":"","_kadence_starter_templates_imported_post":false,"_kad_post_transparent":"","_kad_post_title":"","_kad_post_layout":"","_kad_post_sidebar_id":"","_kad_post_content_style":"","_kad_post_vertical_padding":"","_kad_post_feature":"","_kad_post_feature_position":"","_kad_post_header":false,"_kad_post_footer":false,"_kad_post_classname":"","footnotes":""},"class_list":["post-2154","page","type-page","status-publish","hentry"],"taxonomy_info":[],"featured_image_src_large":false,"author_info":{"display_name":"Ronan Meulnotte","author_link":"https:\/\/agoranum.parisnanterre.fr\/index.php\/author\/rmeulnot\/"},"comment_info":0,"_links":{"self":[{"href":"https:\/\/agoranum.parisnanterre.fr\/index.php\/wp-json\/wp\/v2\/pages\/2154","targetHints":{"allow":["GET"]}}],"collection":[{"href":"https:\/\/agoranum.parisnanterre.fr\/index.php\/wp-json\/wp\/v2\/pages"}],"about":[{"href":"https:\/\/agoranum.parisnanterre.fr\/index.php\/wp-json\/wp\/v2\/types\/page"}],"author":[{"embeddable":true,"href":"https:\/\/agoranum.parisnanterre.fr\/index.php\/wp-json\/wp\/v2\/users\/4"}],"replies":[{"embeddable":true,"href":"https:\/\/agoranum.parisnanterre.fr\/index.php\/wp-json\/wp\/v2\/comments?post=2154"}],"version-history":[{"count":43,"href":"https:\/\/agoranum.parisnanterre.fr\/index.php\/wp-json\/wp\/v2\/pages\/2154\/revisions"}],"predecessor-version":[{"id":7933,"href":"https:\/\/agoranum.parisnanterre.fr\/index.php\/wp-json\/wp\/v2\/pages\/2154\/revisions\/7933"}],"wp:attachment":[{"href":"https:\/\/agoranum.parisnanterre.fr\/index.php\/wp-json\/wp\/v2\/media?parent=2154"}],"curies":[{"name":"wp","href":"https:\/\/api.w.org\/{rel}","templated":true}]}}