{"id":3916,"date":"2023-01-09T09:08:29","date_gmt":"2023-01-09T09:08:29","guid":{"rendered":"https:\/\/agoranum.parisnanterre.fr\/?page_id=3916"},"modified":"2023-01-09T09:36:51","modified_gmt":"2023-01-09T09:36:51","slug":"inscriptions-a-la-communaute-de-pratique-decouvrir-ou-mieux-connaitre-les-ressources-huma-num","status":"publish","type":"page","link":"https:\/\/agoranum.parisnanterre.fr\/index.php\/inscriptions-a-la-communaute-de-pratique-decouvrir-ou-mieux-connaitre-les-ressources-huma-num\/","title":{"rendered":"Inscriptions \u00e0 la Communaut\u00e9 de pratique \u00ab\u00a0D\u00e9couvrir ou mieux conna\u00eetre les ressources Huma-Num\u00a0\u00bb"},"content":{"rendered":"<style>#kt-layout-id_3b6db6-32 > .kt-row-column-wrap{align-content:start;}:where(#kt-layout-id_3b6db6-32 > .kt-row-column-wrap) > .wp-block-kadence-column{justify-content:start;}#kt-layout-id_3b6db6-32 > .kt-row-column-wrap{column-gap:80px;row-gap:var(--global-kb-gap-md, 2rem);max-width:var( --global-content-width, 1320px );padding-left:var(--global-content-edge-padding);padding-right:var(--global-content-edge-padding);padding-top:var( --global-kb-row-default-top, 25px );padding-bottom:var( --global-kb-row-default-bottom, 25px );padding-top:43px;padding-bottom:80px;grid-template-columns:repeat(2, minmax(0, 1fr));}#kt-layout-id_3b6db6-32 > .kt-row-layout-overlay{opacity:0.30;}@media all and (max-width: 1024px){#kt-layout-id_3b6db6-32 > .kt-row-column-wrap{grid-template-columns:repeat(2, minmax(0, 1fr));}}@media all and (min-width: 768px) and (max-width: 1024px){#kt-layout-id_3b6db6-32{display:none !important;}}@media all and (max-width: 767px){#kt-layout-id_3b6db6-32 > .kt-row-column-wrap{grid-template-columns:minmax(0, 1fr);}#kt-layout-id_3b6db6-32{display:none !important;}}<\/style>\n<div class=\"wp-block-kadence-rowlayout alignnone kvs-md-false kvs-sm-false\"><div id=\"kt-layout-id_3b6db6-32\" class=\"kt-row-layout-inner kt-layout-id_3b6db6-32\"><div class=\"kt-row-column-wrap kt-has-2-columns kt-gutter-widest kt-v-gutter-default kt-row-valign-top kt-row-layout-equal kt-tab-layout-inherit kt-m-colapse-left-to-right kt-mobile-layout-row kb-theme-content-width\"><style>.kadence-column_4285b6-fa > .kt-inside-inner-col{border-top-width:0px;border-right-width:0px;border-bottom-width:0px;border-left-width:0px;}.kadence-column_4285b6-fa > .kt-inside-inner-col,.kadence-column_4285b6-fa > .kt-inside-inner-col:before{border-top-left-radius:0px;border-top-right-radius:0px;border-bottom-right-radius:0px;border-bottom-left-radius:0px;}.kadence-column_4285b6-fa > .kt-inside-inner-col{column-gap:var(--global-kb-gap-sm, 1rem);}.kadence-column_4285b6-fa > .kt-inside-inner-col{flex-direction:column;}.kadence-column_4285b6-fa > .kt-inside-inner-col > .aligncenter{width:100%;}.kadence-column_4285b6-fa > .kt-inside-inner-col:before{opacity:0.3;}.kadence-column_4285b6-fa{position:relative;}@media all and (max-width: 1024px){.kadence-column_4285b6-fa > .kt-inside-inner-col{flex-direction:column;justify-content:center;}}@media all and (max-width: 767px){.kadence-column_4285b6-fa > .kt-inside-inner-col{flex-direction:column;justify-content:center;}}<\/style>\n<div class=\"wp-block-kadence-column inner-column-1 kadence-column_4285b6-fa\"><div class=\"kt-inside-inner-col\"><style>.wp-block-kadence-advancedheading.kt-adv-heading_11214b-bb, .wp-block-kadence-advancedheading.kt-adv-heading_11214b-bb[data-kb-block=\"kb-adv-heading_11214b-bb\"]{font-size:20px;font-weight:400;font-style:normal;font-family:Manrope;}.wp-block-kadence-advancedheading.kt-adv-heading_11214b-bb mark.kt-highlight, .wp-block-kadence-advancedheading.kt-adv-heading_11214b-bb[data-kb-block=\"kb-adv-heading_11214b-bb\"] mark.kt-highlight{font-style:normal;color:#f76a0c;-webkit-box-decoration-break:clone;box-decoration-break:clone;padding-top:0px;padding-right:0px;padding-bottom:0px;padding-left:0px;}.wp-block-kadence-advancedheading.kt-adv-heading_11214b-bb img.kb-inline-image, .wp-block-kadence-advancedheading.kt-adv-heading_11214b-bb[data-kb-block=\"kb-adv-heading_11214b-bb\"] img.kb-inline-image{width:150px;vertical-align:baseline;}<\/style>\n<h2 class=\"kt-adv-heading_11214b-bb wp-block-kadence-advancedheading\" data-kb-block=\"kb-adv-heading_11214b-bb\"><strong>INSCRIPTION<\/strong> : Premi\u00e8re rencontre de la Communaut\u00e9 de Pratique \u00ab\u00a0D\u00e9couvrir ou mieux conna\u00eetre les ressources propos\u00e9es aux chercheurs par Huma-Num\u00a0\u00bb<\/h2>\n\n\n<style>.wp-block-kadence-advancedheading.kt-adv-heading_9c6389-ad, .wp-block-kadence-advancedheading.kt-adv-heading_9c6389-ad[data-kb-block=\"kb-adv-heading_9c6389-ad\"]{font-size:16px;font-style:normal;}.wp-block-kadence-advancedheading.kt-adv-heading_9c6389-ad mark.kt-highlight, .wp-block-kadence-advancedheading.kt-adv-heading_9c6389-ad[data-kb-block=\"kb-adv-heading_9c6389-ad\"] mark.kt-highlight{font-style:normal;color:#f76a0c;-webkit-box-decoration-break:clone;box-decoration-break:clone;padding-top:0px;padding-right:0px;padding-bottom:0px;padding-left:0px;}.wp-block-kadence-advancedheading.kt-adv-heading_9c6389-ad img.kb-inline-image, .wp-block-kadence-advancedheading.kt-adv-heading_9c6389-ad[data-kb-block=\"kb-adv-heading_9c6389-ad\"] img.kb-inline-image{width:150px;vertical-align:baseline;}<\/style>\n<h3 class=\"kt-adv-heading_9c6389-ad wp-block-kadence-advancedheading\" data-kb-block=\"kb-adv-heading_9c6389-ad\">Mercredi 25 janvier de 9h30 \u00e0 11h30 au Learning Lab&nbsp;(salle 223 du BFC)<\/h3>\n\n\n<style>.kadence-column_8f76cc-e9 > .kt-inside-inner-col{border-top-width:0px;border-right-width:0px;border-bottom-width:0px;border-left-width:0px;}.kadence-column_8f76cc-e9 > .kt-inside-inner-col,.kadence-column_8f76cc-e9 > .kt-inside-inner-col:before{border-top-left-radius:0px;border-top-right-radius:0px;border-bottom-right-radius:0px;border-bottom-left-radius:0px;}.kadence-column_8f76cc-e9 > .kt-inside-inner-col{column-gap:var(--global-kb-gap-sm, 1rem);}.kadence-column_8f76cc-e9 > .kt-inside-inner-col{flex-direction:column;}.kadence-column_8f76cc-e9 > .kt-inside-inner-col > .aligncenter{width:100%;}.kadence-column_8f76cc-e9 > .kt-inside-inner-col:before{opacity:0.3;}.kadence-column_8f76cc-e9{position:relative;}@media all and (max-width: 1024px){.kadence-column_8f76cc-e9 > .kt-inside-inner-col{flex-direction:column;justify-content:center;}}@media all and (max-width: 767px){.kadence-column_8f76cc-e9 > .kt-inside-inner-col{flex-direction:column;justify-content:center;}}<\/style>\n<div class=\"wp-block-kadence-column inner-column-1 kadence-column_8f76cc-e9\"><div class=\"kt-inside-inner-col\"><style>.kadence-form-_f214f2-09 .kb-form .kadence-blocks-form-field{margin-bottom:25px;}.kadence-form-_f214f2-09 .kb-form .kadence-blocks-form-field .kb-text-style-field, .kadence-form-_f214f2-09 .kb-form .kadence-blocks-form-field .kb-select-style-field{border-width:0.5px 0.5px 0.5px 0.5px;border-color:var(--global-palette6, #718096);}.kadence-form-_f214f2-09 .kb-form .kadence-blocks-form-field > label{text-transform:none;font-family:Manrope;font-style:normal;font-weight:400;}.kadence-form-_f214f2-09 .kb-form .kadence-blocks-form-field .kb-forms-submit{color:var(--global-palette9, #ffffff);border-radius:50px;border-width:2px 2px 2px 2px;background:var(--global-palette1, #3182CE);border-color:var(--global-palette1, #3182CE);}.kadence-form-_f214f2-09 .kb-form .kadence-blocks-form-field .kb-forms-submit:hover, .kadence-form-_f214f2-09 .kb-form .kadence-blocks-form-field .kb-forms-submit:focus {color:var(--global-palette1, #3182CE);border-color:var(--global-palette1, #3182CE);background:var(--global-palette9, #ffffff);}.kadence-form-_f214f2-09 .kb-form .kadence-blocks-form-field .kb-forms-submit{margin-top:20px;margin-right:0px;margin-bottom:0px;margin-left:0px;}.kadence-form-_f214f2-09 .kb-form .kadence-blocks-form-field .kb-forms-submit{letter-spacing:1.5px;text-transform:none;font-family:Manrope;font-style:normal;font-weight:400;}.kb-form input.kadence-blocks-field.verify{opacity:0.0;position:absolute;top:0.0;left:0.0;width:0.0;height:0.0;z-index:-1;}<\/style>\n<div class=\"wp-block-kadence-form kadence-form-_f214f2-09 kb-form-wrap kb-form-align-center\"><form class=\"kb-form\" action=\"\" method=\"post\" data-error-message=\"Veuillez remplir les champs vides.\"><div class=\"kadence-blocks-form-field kb-field-desk-width-100 kb-input-size-standard\"><input name=\"kb_field_0\" id=\"kb_field__f214f2-09_0\" data-label=\"Nom et pr\u00e9nom\" type=\"text\" placeholder=\"Nom et pr\u00e9nom\" value=\"\" data-type=\"text\" class=\"kb-field kb-text-style-field kb-text-field kb-field-0\"\/><\/div><div class=\"kadence-blocks-form-field kb-form-field-1 kb-field-desk-width-100 kb-input-size-standard\"><input name=\"kb_field_1\" id=\"kb_field__f214f2-09_1\" data-label=\"Email\" type=\"email\" placeholder=\"Email\" value=\"\" data-type=\"email\" class=\"kb-field kb-text-style-field kb-email-field kb-field-1\" data-required=\"yes\"\/><\/div><input type=\"hidden\" name=\"_kb_form_id\" value=\"_f214f2-09\"\/><input type=\"hidden\" name=\"_kb_form_post_id\" value=\"3916\"\/><input type=\"hidden\" name=\"action\" value=\"kb_process_ajax_submit\"\/><input type=\"hidden\" name=\"recaptcha_response\" class=\"kb_recaptcha_response kb_recaptcha__f214f2-09\"\/><label class=\"kadence-verify-label\">Email<input class=\"kadence-blocks-field verify\" type=\"text\" name=\"_kb_verify_email\" autocomplete=\"new-password\" aria-hidden=\"true\" placeholder=\"Email\" tabindex=\"-1\" data-1p-ignore=\"true\" data-lpignore=\"true\" \/><\/label><div class=\"kadence-blocks-form-field kb-submit-field kb-field-desk-width-66\"><button class=\"kb-forms-submit button kb-button-size-standard kb-button-width-full\">Soumettre<\/button><\/div><\/form><\/div>\n<noscript><div class=\"kadence-blocks-form-message kadence-blocks-form-warning\">Veuillez activer JavaScript dans votre navigateur pour envoyer le formulaire.<\/div><style>.kadence-form-_f214f2-09 .kadence-blocks-form-field.kb-submit-field { display: none; }<\/style><\/noscript><\/div><\/div>\n<\/div><\/div>\n\n\n<style>.kadence-column_1c5eeb-fa > .kt-inside-inner-col{border-top-width:0px;border-right-width:0px;border-bottom-width:0px;border-left-width:0px;}.kadence-column_1c5eeb-fa > .kt-inside-inner-col,.kadence-column_1c5eeb-fa > .kt-inside-inner-col:before{border-top-left-radius:0px;border-top-right-radius:0px;border-bottom-right-radius:0px;border-bottom-left-radius:0px;}.kadence-column_1c5eeb-fa > .kt-inside-inner-col{column-gap:var(--global-kb-gap-sm, 1rem);}.kadence-column_1c5eeb-fa > .kt-inside-inner-col{flex-direction:column;}.kadence-column_1c5eeb-fa > .kt-inside-inner-col > .aligncenter{width:100%;}.kadence-column_1c5eeb-fa > .kt-inside-inner-col:before{opacity:0.3;}.kadence-column_1c5eeb-fa{position:relative;}@media all and (max-width: 1024px){.kadence-column_1c5eeb-fa > .kt-inside-inner-col{flex-direction:column;justify-content:center;}}@media all and (max-width: 767px){.kadence-column_1c5eeb-fa > .kt-inside-inner-col{flex-direction:column;justify-content:center;}}<\/style>\n<div class=\"wp-block-kadence-column inner-column-2 kadence-column_1c5eeb-fa\"><div class=\"kt-inside-inner-col\"><div class=\"wp-block-image\">\n<figure class=\"aligncenter size-large\"><img loading=\"lazy\" decoding=\"async\" width=\"2560\" height=\"1601\" src=\"https:\/\/agoranum.parisnanterre.fr\/wp-content\/uploads\/2022\/11\/edwin-andrade-4V1dC_eoCwg-unsplash-edited-scaled.jpg\" alt=\"\" class=\"wp-image-3154\" srcset=\"https:\/\/agoranum.parisnanterre.fr\/wp-content\/uploads\/2022\/11\/edwin-andrade-4V1dC_eoCwg-unsplash-edited-scaled.jpg 2560w, https:\/\/agoranum.parisnanterre.fr\/wp-content\/uploads\/2022\/11\/edwin-andrade-4V1dC_eoCwg-unsplash-edited-300x188.jpg 300w, https:\/\/agoranum.parisnanterre.fr\/wp-content\/uploads\/2022\/11\/edwin-andrade-4V1dC_eoCwg-unsplash-edited-1024x640.jpg 1024w, https:\/\/agoranum.parisnanterre.fr\/wp-content\/uploads\/2022\/11\/edwin-andrade-4V1dC_eoCwg-unsplash-edited-768x480.jpg 768w, https:\/\/agoranum.parisnanterre.fr\/wp-content\/uploads\/2022\/11\/edwin-andrade-4V1dC_eoCwg-unsplash-edited-1536x960.jpg 1536w, https:\/\/agoranum.parisnanterre.fr\/wp-content\/uploads\/2022\/11\/edwin-andrade-4V1dC_eoCwg-unsplash-edited-2048x1281.jpg 2048w\" sizes=\"auto, (max-width: 2560px) 100vw, 2560px\" \/><\/figure>\n<\/div><\/div><\/div>\n<\/div><\/div><\/div>\n\n\n\n<p>Les informations recueillies \u00e0 partir de ce formulaire font l&rsquo;objet d&rsquo;un traitement informatique destin\u00e9 \u00e0 la cellule d&rsquo;appui Agora-Num. Les informations nominatives collect\u00e9es ont pour seule finalit\u00e9 d&rsquo;enregistrer votre demande d&rsquo;inscription \u00e0 l&rsquo;\u00e9v\u00e8nement choisi. Les donn\u00e9es collect\u00e9es ne sont destin\u00e9es qu&rsquo;\u00e0 l&rsquo;usage propre de la cellule Agora-Num et ses membres. Ces donn\u00e9es seront conserv\u00e9es durant au maximum 2 ans \u00e0 compter de l&rsquo;enregistrement de votre demande. Conform\u00e9ment \u00e0 la loi \u00ab\u00a0informatique et libert\u00e9s\u00a0\u00bb du 6 janvier 1978 r\u00e9vis\u00e9e, vous disposez d&rsquo;un droit d&rsquo;acc\u00e8s, de rectification et de suppression de vos donn\u00e9es personnelles.<\/p>\n\n\n\n<p>Pour exercer ces droits ou pour toute question sur le traitement de vos donn\u00e9es dans ce dispositif, vous pouvez contacter notre d\u00e9l\u00e9gu\u00e9 \u00e0 la protection des donn\u00e9es : dpo@liste.parisnanterre.fr<\/p>\n\n\n\n<p>Si vous estimez, apr\u00e8s nous avoir contact\u00e9s, que vos droits \u00ab Informatique et Libert\u00e9s \u00bb ne sont pas respect\u00e9s, vous pouvez adresser une r\u00e9clamation \u00e0 la&nbsp;<a rel=\"noreferrer noopener\" href=\"https:\/\/www.cnil.fr\/\" target=\"_blank\">CNIL<\/a>.<\/p>\n\n\n\n<p><\/p>\n","protected":false},"excerpt":{"rendered":"<p>INSCRIPTION : Premi\u00e8re rencontre de la Communaut\u00e9 de Pratique \u00ab\u00a0D\u00e9couvrir ou mieux conna\u00eetre les ressources propos\u00e9es aux chercheurs par Huma-Num\u00a0\u00bb Mercredi 25 janvier de 9h30 \u00e0 11h30 au Learning Lab&nbsp;(salle 223 du BFC) Les informations recueillies \u00e0 partir de ce formulaire font l&rsquo;objet d&rsquo;un traitement informatique destin\u00e9 \u00e0 la cellule d&rsquo;appui Agora-Num. Les informations nominatives&#8230;<\/p>\n","protected":false},"author":4,"featured_media":0,"parent":0,"menu_order":0,"comment_status":"closed","ping_status":"closed","template":"","meta":{"_kad_blocks_custom_css":"","_kad_blocks_head_custom_js":"","_kad_blocks_body_custom_js":"","_kad_blocks_footer_custom_js":"","_kadence_starter_templates_imported_post":false,"_kad_post_transparent":"","_kad_post_title":"","_kad_post_layout":"","_kad_post_sidebar_id":"","_kad_post_content_style":"","_kad_post_vertical_padding":"","_kad_post_feature":"","_kad_post_feature_position":"","_kad_post_header":false,"_kad_post_footer":false,"_kad_post_classname":"","footnotes":""},"class_list":["post-3916","page","type-page","status-publish","hentry"],"taxonomy_info":[],"featured_image_src_large":false,"author_info":{"display_name":"Ronan Meulnotte","author_link":"https:\/\/agoranum.parisnanterre.fr\/index.php\/author\/rmeulnot\/"},"comment_info":0,"_links":{"self":[{"href":"https:\/\/agoranum.parisnanterre.fr\/index.php\/wp-json\/wp\/v2\/pages\/3916","targetHints":{"allow":["GET"]}}],"collection":[{"href":"https:\/\/agoranum.parisnanterre.fr\/index.php\/wp-json\/wp\/v2\/pages"}],"about":[{"href":"https:\/\/agoranum.parisnanterre.fr\/index.php\/wp-json\/wp\/v2\/types\/page"}],"author":[{"embeddable":true,"href":"https:\/\/agoranum.parisnanterre.fr\/index.php\/wp-json\/wp\/v2\/users\/4"}],"replies":[{"embeddable":true,"href":"https:\/\/agoranum.parisnanterre.fr\/index.php\/wp-json\/wp\/v2\/comments?post=3916"}],"version-history":[{"count":6,"href":"https:\/\/agoranum.parisnanterre.fr\/index.php\/wp-json\/wp\/v2\/pages\/3916\/revisions"}],"predecessor-version":[{"id":5378,"href":"https:\/\/agoranum.parisnanterre.fr\/index.php\/wp-json\/wp\/v2\/pages\/3916\/revisions\/5378"}],"wp:attachment":[{"href":"https:\/\/agoranum.parisnanterre.fr\/index.php\/wp-json\/wp\/v2\/media?parent=3916"}],"curies":[{"name":"wp","href":"https:\/\/api.w.org\/{rel}","templated":true}]}}