{"id":6444,"date":"2023-10-26T14:10:14","date_gmt":"2023-10-26T14:10:14","guid":{"rendered":"https:\/\/agoranum.parisnanterre.fr\/?page_id=6444"},"modified":"2023-10-26T14:21:24","modified_gmt":"2023-10-26T14:21:24","slug":"podcasts-sur-lia","status":"publish","type":"page","link":"https:\/\/agoranum.parisnanterre.fr\/index.php\/podcasts-sur-lia\/","title":{"rendered":"Podcasts sur l&rsquo;IA"},"content":{"rendered":"\n<h2 class=\"wp-block-heading\">Podcasts et \u00e9missions radio sur l&rsquo;Intelligence Artificielle (IA) :<\/h2>\n\n\n\n<p>Vous trouverez sur cette page une s\u00e9lection de podcasts et d&rsquo;\u00e9missions radio relatifs \u00e0 l\u2019intelligence artificielle \u00e9crits, entre autres, par des coll\u00e8gues de l\u2019Universit\u00e9 Paris Nanterre.<\/p>\n\n\n<style>.kb-row-layout-id6444_473ecc-ea > .kt-row-column-wrap{align-content:start;}:where(.kb-row-layout-id6444_473ecc-ea > .kt-row-column-wrap) > .wp-block-kadence-column{justify-content:start;}.kb-row-layout-id6444_473ecc-ea > .kt-row-column-wrap{column-gap:var(--global-kb-gap-md, 2rem);row-gap:var(--global-kb-gap-md, 2rem);max-width:1140px;margin-left:auto;margin-right:auto;padding-top:8px;padding-bottom:15px;grid-template-columns:repeat(2, minmax(0, 1fr));}.kb-row-layout-id6444_473ecc-ea{background-color:#f9f9f9;}.kb-row-layout-id6444_473ecc-ea > .kt-row-layout-overlay{opacity:0.30;}@media all and (max-width: 1024px){.kb-row-layout-id6444_473ecc-ea > .kt-row-column-wrap{grid-template-columns:repeat(2, minmax(0, 1fr));}}@media all and (max-width: 767px){.kb-row-layout-id6444_473ecc-ea > .kt-row-column-wrap{grid-template-columns:minmax(0, 1fr);}}<\/style><div class=\"kb-row-layout-wrap kb-row-layout-id6444_473ecc-ea alignfull kt-row-has-bg wp-block-kadence-rowlayout\"><div class=\"kt-row-column-wrap kt-has-2-columns kt-row-layout-equal kt-tab-layout-inherit kt-mobile-layout-row kt-row-valign-top\">\n<style>.kadence-column6444_98eab6-44 > .kt-inside-inner-col,.kadence-column6444_98eab6-44 > .kt-inside-inner-col:before{border-top-left-radius:0px;border-top-right-radius:0px;border-bottom-right-radius:0px;border-bottom-left-radius:0px;}.kadence-column6444_98eab6-44 > .kt-inside-inner-col{column-gap:var(--global-kb-gap-sm, 1rem);}.kadence-column6444_98eab6-44 > .kt-inside-inner-col{flex-direction:column;}.kadence-column6444_98eab6-44 > .kt-inside-inner-col > .aligncenter{width:100%;}.kadence-column6444_98eab6-44 > .kt-inside-inner-col:before{opacity:0.3;}.kadence-column6444_98eab6-44{position:relative;}@media all and (max-width: 1024px){.kadence-column6444_98eab6-44 > .kt-inside-inner-col{flex-direction:column;justify-content:center;}}@media all and (max-width: 767px){.kadence-column6444_98eab6-44 > .kt-inside-inner-col{flex-direction:column;justify-content:center;}}<\/style>\n<div class=\"wp-block-kadence-column kadence-column6444_98eab6-44 inner-column-2\"><div class=\"kt-inside-inner-col\"><style>.wp-block-kadence-column.kb-section-dir-horizontal > .kt-inside-inner-col > .kt-info-box6444_eee9e9-32 .kt-blocks-info-box-link-wrap{max-width:unset;}.kt-info-box6444_eee9e9-32 .kt-blocks-info-box-link-wrap{border-top:5px solid #f0b429;border-top-left-radius:0px;border-top-right-radius:0px;border-bottom-right-radius:0px;border-bottom-left-radius:0px;background:#ffffff;padding-top:20px;padding-right:20px;padding-bottom:20px;padding-left:20px;}.kt-info-box6444_eee9e9-32 .kt-blocks-info-box-link-wrap:hover{background:#ffffff;}.kt-info-box6444_eee9e9-32.wp-block-kadence-infobox{max-width:100%;}.kt-info-box6444_eee9e9-32 .kadence-info-box-image-inner-intrisic-container{max-width:80px;}.kt-info-box6444_eee9e9-32 .kadence-info-box-image-inner-intrisic-container .kadence-info-box-image-intrisic{padding-bottom:100%;width:1080px;height:0px;max-width:100%;}.kt-info-box6444_eee9e9-32 .kadence-info-box-icon-container .kt-info-svg-icon, .kt-info-box6444_eee9e9-32 .kt-info-svg-icon-flip, .kt-info-box6444_eee9e9-32 .kt-blocks-info-box-number{font-size:50px;}.kt-info-box6444_eee9e9-32 .kt-blocks-info-box-media{color:#f0b429;background:#fff3c4;border-color:#444444;border-top-width:0px;border-right-width:0px;border-bottom-width:0px;border-left-width:0px;padding-top:26px;padding-right:26px;padding-bottom:26px;padding-left:26px;}.kt-info-box6444_eee9e9-32 .kt-blocks-info-box-media-container{margin-top:5px;margin-right:15px;margin-bottom:15px;margin-left:15px;}.kt-info-box6444_eee9e9-32 .kt-blocks-info-box-link-wrap:hover .kt-blocks-info-box-media{color:#f0b429;background:#fff3c4;border-color:#444444;}.kt-info-box6444_eee9e9-32 .kt-infobox-textcontent h4.kt-blocks-info-box-title{color:#f0b429;font-size:24px;line-height:26px;font-family:Montserrat;font-style:normal;font-weight:700;padding-top:0px;padding-right:0px;padding-bottom:0px;padding-left:0px;margin-top:5px;margin-right:0px;margin-bottom:10px;margin-left:0px;}.kt-info-box6444_eee9e9-32 .kt-blocks-info-box-link-wrap:hover h4.kt-blocks-info-box-title{color:#f0b429;}.kt-info-box6444_eee9e9-32 .kt-infobox-textcontent .kt-blocks-info-box-text{color:#545e69;}.kt-info-box6444_eee9e9-32 .kt-blocks-info-box-link-wrap:hover .kt-blocks-info-box-text{color:#545e69;}.kt-info-box6444_eee9e9-32 .kt-blocks-info-box-learnmore{color:#4a627b;background:#ffffff;border-color:#e4e8ec;font-size:14px;font-family:Montserrat;font-style:normal;font-weight:600;border-width:1px 0px 0px 0px;padding-top:20px;padding-right:8px;padding-bottom:4px;padding-left:8px;margin-top:25px;margin-right:0px;margin-bottom:10px;margin-left:0px;}.kt-info-box6444_eee9e9-32 .kt-blocks-info-box-link-wrap:hover .kt-blocks-info-box-learnmore,.kt-info-box6444_eee9e9-32 .kt-blocks-info-box-link-wrap .kt-blocks-info-box-learnmore:focus{color:#4a627b;background:#ffffff;border-color:#e4e8ec;}.kt-info-box6444_eee9e9-32 .kt-blocks-info-box-link-wrap{box-shadow:0px 0px 1px 0px rgba(0, 0, 0, 0.2);}.kt-info-box6444_eee9e9-32 .kt-blocks-info-box-link-wrap:hover{box-shadow:0px 0px 14px 0px rgba(0, 0, 0, 0.2);}@media all and (max-width: 1024px){.kt-info-box6444_eee9e9-32 .kt-blocks-info-box-link-wrap{border-top:5px solid #f0b429;box-shadow:0px 0px 1px 0px rgba(0, 0, 0, 0.2);}}@media all and (max-width: 1024px){.kt-info-box6444_eee9e9-32 .kt-blocks-info-box-link-wrap:hover{box-shadow:0px 0px 14px 0px rgba(0, 0, 0, 0.2);}}@media all and (max-width: 767px){.kt-info-box6444_eee9e9-32 .kt-blocks-info-box-link-wrap{border-top:5px solid #f0b429;box-shadow:0px 0px 1px 0px rgba(0, 0, 0, 0.2);}.kt-info-box6444_eee9e9-32 .kt-blocks-info-box-link-wrap:hover{box-shadow:0px 0px 14px 0px rgba(0, 0, 0, 0.2);}}<\/style>\n<div class=\"wp-block-kadence-infobox kt-info-box6444_eee9e9-32\"><a class=\"kt-blocks-info-box-link-wrap info-box-link kt-blocks-info-box-media-align-top kt-info-halign-center\" target=\"_blank\" rel=\"noopener noreferrer\" href=\"https:\/\/www.francetvinfo.fr\/replay-radio\/le-choix-franceinfo\/temoignages-intelligence-artificielle-triche-pour-certains-ressource-pour-d-autres-l-utilisation-de-chatgpt-fait-debat-entre-etudiants-et-enseignants-a-l-universite_5592921.html\"><div class=\"kt-blocks-info-box-media-container\"><div class=\"kt-blocks-info-box-media kt-info-media-animate-none\"><div class=\"kadence-info-box-image-inner-intrisic-container\"><div class=\"kadence-info-box-image-intrisic kt-info-animate-none\"><div class=\"kadence-info-box-image-inner-intrisic\"><img loading=\"lazy\" decoding=\"async\" src=\"https:\/\/agoranum.parisnanterre.fr\/wp-content\/uploads\/2023\/03\/logo-de-france-info.png\" alt=\"\" width=\"1080\" height=\"1080\" class=\"kt-info-box-image wp-image-5454\" srcset=\"https:\/\/agoranum.parisnanterre.fr\/wp-content\/uploads\/2023\/03\/logo-de-france-info.png 1080w, https:\/\/agoranum.parisnanterre.fr\/wp-content\/uploads\/2023\/03\/logo-de-france-info-300x300.png 300w, https:\/\/agoranum.parisnanterre.fr\/wp-content\/uploads\/2023\/03\/logo-de-france-info-1024x1024.png 1024w, https:\/\/agoranum.parisnanterre.fr\/wp-content\/uploads\/2023\/03\/logo-de-france-info-150x150.png 150w, https:\/\/agoranum.parisnanterre.fr\/wp-content\/uploads\/2023\/03\/logo-de-france-info-768x768.png 768w, https:\/\/agoranum.parisnanterre.fr\/wp-content\/uploads\/2023\/03\/logo-de-france-info-250x250.png 250w, https:\/\/agoranum.parisnanterre.fr\/wp-content\/uploads\/2023\/03\/logo-de-france-info-600x600.png 600w\" sizes=\"auto, (max-width: 1080px) 100vw, 1080px\" \/><\/div><\/div><\/div><\/div><\/div><div class=\"kt-infobox-textcontent\"><h4 class=\"kt-blocks-info-box-title\">Intelligence artificielle : \u00ab\u00a0triche\u00a0\u00bb pour certains, \u00ab\u00a0ressource\u00a0\u00bb pour d&rsquo;autres, l&rsquo;utilisation de ChatGPT fait d\u00e9bat entre \u00e9tudiants et enseignants \u00e0 l&rsquo;universit\u00e9<\/h4><p class=\"kt-blocks-info-box-text\">Je les ai test\u00e9s avec cet outil, et j&rsquo;aurai d\u00fb donner un 17 \u00e0 ce qu&rsquo;a sorti ChatGPT. Je l&rsquo;ai pris d&rsquo;un c\u00f4t\u00e9 positif en me disant qu&rsquo;il fallait que je retravaille mes sujets, proposer des&#8230;<\/p><div class=\"kt-blocks-info-box-learnmore-wrap\"><span class=\"kt-blocks-info-box-learnmore\">En savoir plus<\/span><\/div><\/div><\/a><\/div>\n<\/div><\/div>\n\n\n<style>.kadence-column6444_b2a294-9e > .kt-inside-inner-col,.kadence-column6444_b2a294-9e > .kt-inside-inner-col:before{border-top-left-radius:0px;border-top-right-radius:0px;border-bottom-right-radius:0px;border-bottom-left-radius:0px;}.kadence-column6444_b2a294-9e > .kt-inside-inner-col{column-gap:var(--global-kb-gap-sm, 1rem);}.kadence-column6444_b2a294-9e > .kt-inside-inner-col{flex-direction:column;}.kadence-column6444_b2a294-9e > .kt-inside-inner-col > .aligncenter{width:100%;}.kadence-column6444_b2a294-9e > .kt-inside-inner-col:before{opacity:0.3;}.kadence-column6444_b2a294-9e{position:relative;}@media all and (max-width: 1024px){.kadence-column6444_b2a294-9e > .kt-inside-inner-col{flex-direction:column;justify-content:center;}}@media all and (max-width: 767px){.kadence-column6444_b2a294-9e > .kt-inside-inner-col{flex-direction:column;justify-content:center;}}<\/style>\n<div class=\"wp-block-kadence-column kadence-column6444_b2a294-9e\"><div class=\"kt-inside-inner-col\"><style>.wp-block-kadence-column.kb-section-dir-horizontal > .kt-inside-inner-col > .kt-info-box6444_971bd6-30 .kt-blocks-info-box-link-wrap{max-width:unset;}.kt-info-box6444_971bd6-30 .kt-blocks-info-box-link-wrap{border-top:5px solid #a31eaa;border-top-left-radius:0px;border-top-right-radius:0px;border-bottom-right-radius:0px;border-bottom-left-radius:0px;background:#ffffff;padding-top:20px;padding-right:20px;padding-bottom:20px;padding-left:20px;}.kt-info-box6444_971bd6-30 .kt-blocks-info-box-link-wrap:hover{background:#ffffff;}.kt-info-box6444_971bd6-30.wp-block-kadence-infobox{max-width:100%;}.kt-info-box6444_971bd6-30 .kadence-info-box-image-inner-intrisic-container{max-width:80px;}.kt-info-box6444_971bd6-30 .kadence-info-box-image-inner-intrisic-container .kadence-info-box-image-intrisic{padding-bottom:100%;width:225px;height:0px;max-width:100%;}.kt-info-box6444_971bd6-30 .kadence-info-box-icon-container .kt-info-svg-icon, .kt-info-box6444_971bd6-30 .kt-info-svg-icon-flip, .kt-info-box6444_971bd6-30 .kt-blocks-info-box-number{font-size:50px;}.kt-info-box6444_971bd6-30 .kt-blocks-info-box-media{color:#a31eaa;background:var(--global-palette9, #ffffff);border-color:#444444;border-top-width:0px;border-right-width:0px;border-bottom-width:0px;border-left-width:0px;padding-top:26px;padding-right:26px;padding-bottom:26px;padding-left:26px;}.kt-info-box6444_971bd6-30 .kt-blocks-info-box-media-container{margin-top:5px;margin-right:15px;margin-bottom:15px;margin-left:15px;}.kt-info-box6444_971bd6-30 .kt-blocks-info-box-link-wrap:hover .kt-blocks-info-box-media{color:#a31eaa;background:var(--global-palette9, #ffffff);border-color:#444444;}.kt-info-box6444_971bd6-30 .kt-infobox-textcontent h4.kt-blocks-info-box-title{color:#a31eaa;font-size:24px;line-height:26px;font-family:Montserrat;font-style:normal;font-weight:700;padding-top:0px;padding-right:0px;padding-bottom:0px;padding-left:0px;margin-top:5px;margin-right:0px;margin-bottom:10px;margin-left:0px;}.kt-info-box6444_971bd6-30 .kt-blocks-info-box-link-wrap:hover h4.kt-blocks-info-box-title{color:#a31eaa;}.kt-info-box6444_971bd6-30 .kt-infobox-textcontent .kt-blocks-info-box-text{color:#545e69;}.kt-info-box6444_971bd6-30 .kt-blocks-info-box-link-wrap:hover .kt-blocks-info-box-text{color:#545e69;}.kt-info-box6444_971bd6-30 .kt-blocks-info-box-learnmore{color:#4a627b;background:#ffffff;border-color:#e4e8ec;font-size:14px;font-family:Montserrat;font-style:normal;font-weight:600;border-width:1px 0px 0px 0px;padding-top:20px;padding-right:8px;padding-bottom:4px;padding-left:8px;margin-top:25px;margin-right:0px;margin-bottom:10px;margin-left:0px;}.kt-info-box6444_971bd6-30 .kt-blocks-info-box-link-wrap:hover .kt-blocks-info-box-learnmore,.kt-info-box6444_971bd6-30 .kt-blocks-info-box-link-wrap .kt-blocks-info-box-learnmore:focus{color:#4a627b;background:#ffffff;border-color:#e4e8ec;}.kt-info-box6444_971bd6-30 .kt-blocks-info-box-link-wrap{box-shadow:0px 0px 1px 0px rgba(0, 0, 0, 0.2);}.kt-info-box6444_971bd6-30 .kt-blocks-info-box-link-wrap:hover{box-shadow:0px 0px 14px 0px rgba(0, 0, 0, 0.2);}@media all and (max-width: 1024px){.kt-info-box6444_971bd6-30 .kt-blocks-info-box-link-wrap{border-top:5px solid #a31eaa;box-shadow:0px 0px 1px 0px rgba(0, 0, 0, 0.2);}}@media all and (max-width: 1024px){.kt-info-box6444_971bd6-30 .kt-blocks-info-box-link-wrap:hover{box-shadow:0px 0px 14px 0px rgba(0, 0, 0, 0.2);}}@media all and (max-width: 767px){.kt-info-box6444_971bd6-30 .kt-blocks-info-box-link-wrap{border-top:5px solid #a31eaa;box-shadow:0px 0px 1px 0px rgba(0, 0, 0, 0.2);}.kt-info-box6444_971bd6-30 .kt-blocks-info-box-link-wrap:hover{box-shadow:0px 0px 14px 0px rgba(0, 0, 0, 0.2);}}<\/style>\n<div class=\"wp-block-kadence-infobox kt-info-box6444_971bd6-30\"><a class=\"kt-blocks-info-box-link-wrap info-box-link kt-blocks-info-box-media-align-top kt-info-halign-center\" target=\"_blank\" rel=\"noopener noreferrer\" href=\"https:\/\/www.radiofrance.fr\/societe\/tech-web\/intelligence-artificielle\"><div class=\"kt-blocks-info-box-media-container\"><div class=\"kt-blocks-info-box-media kt-info-media-animate-none\"><div class=\"kadence-info-box-image-inner-intrisic-container\"><div class=\"kadence-info-box-image-intrisic kt-info-animate-none\"><div class=\"kadence-info-box-image-inner-intrisic\"><img loading=\"lazy\" decoding=\"async\" src=\"https:\/\/agoranum.parisnanterre.fr\/wp-content\/uploads\/2023\/10\/index.jpg\" alt=\"\" width=\"225\" height=\"225\" class=\"kt-info-box-image wp-image-6456\" srcset=\"https:\/\/agoranum.parisnanterre.fr\/wp-content\/uploads\/2023\/10\/index.jpg 225w, https:\/\/agoranum.parisnanterre.fr\/wp-content\/uploads\/2023\/10\/index-150x150.jpg 150w\" sizes=\"auto, (max-width: 225px) 100vw, 225px\" \/><\/div><\/div><\/div><\/div><\/div><div class=\"kt-infobox-textcontent\"><h4 class=\"kt-blocks-info-box-title\">La s\u00e9lection RadioFrance des \u00e9missions radio sur l&rsquo;IA<\/h4><p class=\"kt-blocks-info-box-text\">L&rsquo;intelligence artificielle est un domaine qui rassemble les th\u00e9ories et les techniques de tentative de reproduction num\u00e9rique de l&rsquo;intelligence humaine, en construisant un discours ou une pratique se fondant sur la rationalit\u00e9 d&rsquo;un raisonnement et le mim\u00e9tisme du comportement humain.<\/p><div class=\"kt-blocks-info-box-learnmore-wrap\"><span class=\"kt-blocks-info-box-learnmore\">En savoir plus<\/span><\/div><\/div><\/a><\/div>\n<\/div><\/div>\n\n<\/div><\/div>","protected":false},"excerpt":{"rendered":"<p>Podcasts et \u00e9missions radio sur l&rsquo;Intelligence Artificielle (IA) : Vous trouverez sur cette page une s\u00e9lection de podcasts et d&rsquo;\u00e9missions radio relatifs \u00e0 l\u2019intelligence artificielle \u00e9crits, entre autres, par des coll\u00e8gues de l\u2019Universit\u00e9 Paris Nanterre.<\/p>\n","protected":false},"author":4,"featured_media":0,"parent":0,"menu_order":0,"comment_status":"closed","ping_status":"closed","template":"","meta":{"_kad_blocks_custom_css":"","_kad_blocks_head_custom_js":"","_kad_blocks_body_custom_js":"","_kad_blocks_footer_custom_js":"","_kadence_starter_templates_imported_post":false,"_kad_post_transparent":"","_kad_post_title":"","_kad_post_layout":"","_kad_post_sidebar_id":"","_kad_post_content_style":"","_kad_post_vertical_padding":"","_kad_post_feature":"","_kad_post_feature_position":"","_kad_post_header":false,"_kad_post_footer":false,"_kad_post_classname":"","footnotes":""},"class_list":["post-6444","page","type-page","status-publish","hentry"],"taxonomy_info":[],"featured_image_src_large":false,"author_info":{"display_name":"Ronan Meulnotte","author_link":"https:\/\/agoranum.parisnanterre.fr\/index.php\/author\/rmeulnot\/"},"comment_info":0,"_links":{"self":[{"href":"https:\/\/agoranum.parisnanterre.fr\/index.php\/wp-json\/wp\/v2\/pages\/6444","targetHints":{"allow":["GET"]}}],"collection":[{"href":"https:\/\/agoranum.parisnanterre.fr\/index.php\/wp-json\/wp\/v2\/pages"}],"about":[{"href":"https:\/\/agoranum.parisnanterre.fr\/index.php\/wp-json\/wp\/v2\/types\/page"}],"author":[{"embeddable":true,"href":"https:\/\/agoranum.parisnanterre.fr\/index.php\/wp-json\/wp\/v2\/users\/4"}],"replies":[{"embeddable":true,"href":"https:\/\/agoranum.parisnanterre.fr\/index.php\/wp-json\/wp\/v2\/comments?post=6444"}],"version-history":[{"count":4,"href":"https:\/\/agoranum.parisnanterre.fr\/index.php\/wp-json\/wp\/v2\/pages\/6444\/revisions"}],"predecessor-version":[{"id":6457,"href":"https:\/\/agoranum.parisnanterre.fr\/index.php\/wp-json\/wp\/v2\/pages\/6444\/revisions\/6457"}],"wp:attachment":[{"href":"https:\/\/agoranum.parisnanterre.fr\/index.php\/wp-json\/wp\/v2\/media?parent=6444"}],"curies":[{"name":"wp","href":"https:\/\/api.w.org\/{rel}","templated":true}]}}